{"id":130,"date":"2024-09-24T14:41:17","date_gmt":"2024-09-24T12:41:17","guid":{"rendered":"https:\/\/grupcharlytrama.com\/jordiquimera\/?page_id=130"},"modified":"2025-09-08T16:24:03","modified_gmt":"2025-09-08T14:24:03","slug":"magic-hall","status":"publish","type":"page","link":"https:\/\/grupcharlytrama.com\/jordiquimera\/magic-hall\/","title":{"rendered":"Magic Hall"},"content":{"rendered":"\n<div class=\"wp-block-cover alignfull is-light\"><span aria-hidden=\"true\" class=\"wp-block-cover__background has-background-dim-0 has-background-dim\" style=\"background-color:#292929\"><\/span><img loading=\"lazy\" decoding=\"async\" width=\"1810\" height=\"2560\" sizes=\"(max-width: 799px) 200vw,(max-width: 1810px) 100vw,1810px\" class=\"wp-block-cover__image-background wp-image-364\" alt=\"\" src=\"http:\/\/grupcharlytrama.com\/jordiquimera\/wp-content\/uploads\/sites\/2\/2025\/08\/Fons-fum-scaled.jpg\" style=\"object-position:50% 100%\" data-object-fit=\"cover\" data-object-position=\"50% 100%\" srcset=\"https:\/\/grupcharlytrama.com\/jordiquimera\/wp-content\/uploads\/sites\/2\/2025\/08\/Fons-fum-scaled.jpg 1810w, https:\/\/grupcharlytrama.com\/jordiquimera\/wp-content\/uploads\/sites\/2\/2025\/08\/Fons-fum-212x300.jpg 212w, https:\/\/grupcharlytrama.com\/jordiquimera\/wp-content\/uploads\/sites\/2\/2025\/08\/Fons-fum-724x1024.jpg 724w, https:\/\/grupcharlytrama.com\/jordiquimera\/wp-content\/uploads\/sites\/2\/2025\/08\/Fons-fum-2000x2829.jpg 2000w\" \/><div class=\"wp-block-cover__inner-container has-global-padding is-layout-constrained wp-block-cover-is-layout-constrained\">\n<div style=\"height:10px\" aria-hidden=\"true\" class=\"wp-block-spacer\"><\/div>\n\n\n\n<figure class=\"wp-block-image aligncenter size-large is-resized\"><img loading=\"lazy\" decoding=\"async\" width=\"1024\" height=\"764\" src=\"http:\/\/grupcharlytrama.com\/jordiquimera\/wp-content\/uploads\/sites\/2\/2024\/09\/Magic-Hall-_-typo-copia-min-1024x764.png\" alt=\"\" class=\"wp-image-137\" style=\"width:auto;height:165px\" srcset=\"https:\/\/grupcharlytrama.com\/jordiquimera\/wp-content\/uploads\/sites\/2\/2024\/09\/Magic-Hall-_-typo-copia-min-1024x764.png 1024w, https:\/\/grupcharlytrama.com\/jordiquimera\/wp-content\/uploads\/sites\/2\/2024\/09\/Magic-Hall-_-typo-copia-min-300x224.png 300w, https:\/\/grupcharlytrama.com\/jordiquimera\/wp-content\/uploads\/sites\/2\/2024\/09\/Magic-Hall-_-typo-copia-min.png 2000w\" sizes=\"(max-width: 1024px) 100vw, 1024px\" \/><\/figure>\n\n\n\n<div style=\"height:31px\" aria-hidden=\"true\" class=\"wp-block-spacer\"><\/div>\n\n\n\n<div class=\"wp-block-columns is-layout-flex wp-container-core-columns-is-layout-1 wp-block-columns-is-layout-flex\">\n<div class=\"wp-block-column is-vertically-aligned-top is-layout-flow wp-block-column-is-layout-flow\">\n<div style=\"height:18px\" aria-hidden=\"true\" class=\"wp-block-spacer\"><\/div>\n\n\n\n<figure class=\"wp-block-embed is-type-video is-provider-youtube wp-block-embed-youtube wp-embed-aspect-16-9 wp-has-aspect-ratio\" style=\"margin-right:0;margin-left:0\"><div class=\"wp-block-embed__wrapper\">\n<iframe loading=\"lazy\" title=\"Jordi Quimera \u2013 Magic Hall (2025) | Magic Show Reel\" width=\"950\" height=\"534\" src=\"https:\/\/www.youtube.com\/embed\/awsr6XOX_TQ?feature=oembed\" frameborder=\"0\" allow=\"accelerometer; autoplay; clipboard-write; encrypted-media; gyroscope; picture-in-picture; web-share\" referrerpolicy=\"strict-origin-when-cross-origin\" allowfullscreen><\/iframe>\n<\/div><\/figure>\n<\/div>\n\n\n\n<div class=\"wp-block-column is-vertically-aligned-center is-layout-flow wp-block-column-is-layout-flow\">\n<h2 class=\"wp-block-heading has-text-align-center has-montserrat-font-family\">La m\u00e0gia no s\u2019amaga: es comparteix.<\/h2>\n\n\n\n<p class=\"has-text-align-center has-primary-color has-text-color has-link-color has-medium-font-size wp-elements-f20fb13e6a47d40d4815d8d6a0098a58 tw-block-animation tw-animation-fade-in-up\" style=\"margin-right:var(--wp--preset--spacing--x-small);margin-left:var(--wp--preset--spacing--x-small)\">Un viatge esc\u00e8nic per la hist\u00f2ria de la m\u00e0gia, des del mentalisme fins a les grans il\u00b7lusions.<br><mark style=\"background-color:rgba(0, 0, 0, 0)\" class=\"has-inline-color has-secondary-color\">Magic Hall<\/mark> revisita jocs cl\u00e0ssics de fa m\u00e9s de 200 anys amb humor, m\u00fasica i una mirada contempor\u00e0nia.<br>Pensat per a teatres mitjans i grans, amb escenografia pr\u00f2pia i un to fresc, l\u00fadic i sorprenent.<\/p>\n<\/div>\n<\/div>\n\n\n\n<div style=\"height:33px\" aria-hidden=\"true\" class=\"wp-block-spacer\"><\/div>\n\n\n\n<div class=\"wp-block-buttons is-content-justification-center is-layout-flex wp-container-core-buttons-is-layout-1 wp-block-buttons-is-layout-flex\">\n<div class=\"wp-block-button is-style-fill\"><a class=\"wp-block-button__link has-secondary-background-color has-background wp-element-button\" href=\"http:\/\/grupcharlytrama.com\/jordiquimera\/wp-content\/uploads\/sites\/2\/2025\/08\/D_MagicHall_2026.pdf\" style=\"border-radius:10px\" target=\"_blank\" rel=\"noreferrer noopener\">DOSSIER<\/a><\/div>\n\n\n\n<div class=\"wp-block-button is-style-fill\"><a class=\"wp-block-button__link has-background wp-element-button\" href=\"https:\/\/www.dropbox.com\/scl\/fi\/w5f70zqq5f4897166bq3s\/M_Magic_Hall.zip?rlkey=6raqqazzg37dty1vnj7bttsd8&amp;st=nb03k2ox&amp;dl=0\" style=\"border-radius:10px;background-color:#0f737b\" target=\"_blank\" rel=\"noreferrer noopener\">DESC\u00c0RREGUES<\/a><\/div>\n\n\n\n<div class=\"wp-block-button is-style-fill\"><a class=\"wp-block-button__link has-background wp-element-button\" href=\"http:\/\/grupcharlytrama.com\/jordiquimera\/wp-content\/uploads\/sites\/2\/2025\/08\/MagicHall_poster-scaled.jpg\" style=\"border-radius:10px;background-color:#0f7b4d\" target=\"_blank\" rel=\"noreferrer noopener\">CARTELL<\/a><\/div>\n<\/div>\n\n\n\n<div style=\"height:51px\" aria-hidden=\"true\" class=\"wp-block-spacer\"><\/div>\n\n\n\n<div class=\"wp-block-columns is-layout-flex wp-container-core-columns-is-layout-2 wp-block-columns-is-layout-flex\">\n<div class=\"wp-block-column is-layout-flow wp-block-column-is-layout-flow\" style=\"--col-width:66.66%;flex-basis:66.66%\">\n<h2 class=\"wp-block-heading has-x-large-font-size tw-block-animation tw-animation-fade-in-up\">SINOPSI<\/h2>\n\n\n\n<p class=\"tw-block-animation tw-animation-fade-in-up\">Hi ha jocs de m\u00e0gia que tenen m\u00e9s de dos-cents anys. Que han viatjat pels escenaris del m\u00f3n i han deixat bocabadats emperadors, pagesos, artistes i infants de totes les \u00e8poques.<\/p>\n\n\n\n<p class=\"tw-block-animation tw-animation-fade-in-up\">I encara avui\u2026 continuen fascinant.<\/p>\n\n\n\n<p class=\"tw-block-animation tw-animation-fade-in-up\"><mark style=\"background-color:rgba(0, 0, 0, 0)\" class=\"has-inline-color has-secondary-color\">Magic Hall<\/mark> rescata aquestes grans il\u00b7lusions del passat \u2014algunes tan antigues com l\u2019il\u00b7lusionisme modern\u2014 i les fa reviure sota una nova llum. <mark style=\"background-color:rgba(0, 0, 0, 0)\" class=\"has-inline-color has-secondary-color\">Jordi Quimera<\/mark> les reinterpreta amb humor, can\u00e7ons en directe i una mirada \u00fanica, atrevida i plenament del segle XXI.<\/p>\n\n\n\n<p class=\"tw-block-animation tw-animation-fade-in-up\">Un espectacle honest i sorprenent que reivindica la tradici\u00f3 m\u00e0gica com mai no l\u2019has vista.<\/p>\n\n\n\n<p class=\"tw-block-animation tw-animation-fade-in-up\">Perqu\u00e8, a vegades, la m\u00e0gia no s\u2019amaga: es comparteix.<\/p>\n<\/div>\n\n\n\n<div class=\"wp-block-column is-layout-flow wp-block-column-is-layout-flow\" style=\"--col-width:33.33%;flex-basis:33.33%\">\n<h2 class=\"wp-block-heading has-text-align-right has-x-large-font-size tw-block-animation tw-animation-fade-in-up\">LES DADES<\/h2>\n\n\n\n<p class=\"has-text-align-right tw-block-animation tw-animation-fade-in-up\"><mark style=\"background-color:rgba(0, 0, 0, 0);color:#930202\" class=\"has-inline-color\">Format:<\/mark> Interior.<br><mark style=\"background-color:rgba(0, 0, 0, 0);color:#930202\" class=\"has-inline-color\">G\u00e8nere:<\/mark> Il\u00b7lusionisme.<br><mark style=\"background-color:rgba(0, 0, 0, 0);color:#930202\" class=\"has-inline-color\">P\u00fablic:<\/mark> Per a tots els p\u00fablics.<br><mark style=\"background-color:rgba(0, 0, 0, 0);color:#930202\" class=\"has-inline-color\">Durada:<\/mark> 60 min.<br><mark style=\"background-color:rgba(0, 0, 0, 0);color:#930202\" class=\"has-inline-color\">Idioma:<\/mark> Catal\u00e0 i castell\u00e0.<\/p>\n<\/div>\n<\/div>\n\n\n\n<div style=\"height:51px\" aria-hidden=\"true\" class=\"wp-block-spacer\"><\/div>\n\n\n\n<figure class=\"wp-block-gallery has-nested-images columns-default is-cropped wp-block-gallery-1 is-layout-flex wp-block-gallery-is-layout-flex\">\n<figure data-wp-context=\"{&quot;uploadedSrc&quot;:&quot;https:\\\/\\\/grupcharlytrama.com\\\/jordiquimera\\\/wp-content\\\/uploads\\\/sites\\\/2\\\/2024\\\/09\\\/Magic-Hall-01-min.jpg&quot;,&quot;figureClassNames&quot;:&quot;wp-block-image size-large&quot;,&quot;figureStyles&quot;:null,&quot;imgClassNames&quot;:&quot;wp-image-151&quot;,&quot;imgStyles&quot;:null,&quot;targetWidth&quot;:2000,&quot;targetHeight&quot;:1333,&quot;scaleAttr&quot;:false,&quot;ariaLabel&quot;:&quot;Amplia la imatge&quot;,&quot;alt&quot;:&quot;&quot;}\" data-wp-interactive=\"core\/image\" class=\"wp-block-image size-large wp-lightbox-container\"><img loading=\"lazy\" decoding=\"async\" width=\"1024\" height=\"682\" data-wp-init=\"callbacks.setButtonStyles\" data-wp-on-async--click=\"actions.showLightbox\" data-wp-on-async--load=\"callbacks.setButtonStyles\" data-wp-on-async-window--resize=\"callbacks.setButtonStyles\" src=\"https:\/\/grupcharlytrama.com\/jordiquimera\/wp-content\/uploads\/sites\/2\/2024\/09\/Magic-Hall-01-min-1024x682.jpg\" alt=\"\" class=\"wp-image-151\" srcset=\"https:\/\/grupcharlytrama.com\/jordiquimera\/wp-content\/uploads\/sites\/2\/2024\/09\/Magic-Hall-01-min-1024x682.jpg 1024w, https:\/\/grupcharlytrama.com\/jordiquimera\/wp-content\/uploads\/sites\/2\/2024\/09\/Magic-Hall-01-min-300x200.jpg 300w, https:\/\/grupcharlytrama.com\/jordiquimera\/wp-content\/uploads\/sites\/2\/2024\/09\/Magic-Hall-01-min-1536x1024.jpg 1536w, https:\/\/grupcharlytrama.com\/jordiquimera\/wp-content\/uploads\/sites\/2\/2024\/09\/Magic-Hall-01-min.jpg 2000w\" sizes=\"(max-width: 1024px) 100vw, 1024px\" \/><button\n\t\t\tclass=\"lightbox-trigger\"\n\t\t\ttype=\"button\"\n\t\t\taria-haspopup=\"dialog\"\n\t\t\taria-label=\"Amplia la imatge\"\n\t\t\tdata-wp-init=\"callbacks.initTriggerButton\"\n\t\t\tdata-wp-on-async--click=\"actions.showLightbox\"\n\t\t\tdata-wp-style--right=\"context.imageButtonRight\"\n\t\t\tdata-wp-style--top=\"context.imageButtonTop\"\n\t\t>\n\t\t\t<svg xmlns=\"http:\/\/www.w3.org\/2000\/svg\" width=\"12\" height=\"12\" fill=\"none\" viewBox=\"0 0 12 12\">\n\t\t\t\t<path fill=\"#fff\" d=\"M2 0a2 2 0 0 0-2 2v2h1.5V2a.5.5 0 0 1 .5-.5h2V0H2Zm2 10.5H2a.5.5 0 0 1-.5-.5V8H0v2a2 2 0 0 0 2 2h2v-1.5ZM8 12v-1.5h2a.5.5 0 0 0 .5-.5V8H12v2a2 2 0 0 1-2 2H8Zm2-12a2 2 0 0 1 2 2v2h-1.5V2a.5.5 0 0 0-.5-.5H8V0h2Z\" \/>\n\t\t\t<\/svg>\n\t\t<\/button><\/figure>\n\n\n\n<figure data-wp-context=\"{&quot;uploadedSrc&quot;:&quot;https:\\\/\\\/grupcharlytrama.com\\\/jordiquimera\\\/wp-content\\\/uploads\\\/sites\\\/2\\\/2024\\\/09\\\/Magic-Hall-05-min.jpg&quot;,&quot;figureClassNames&quot;:&quot;wp-block-image size-large&quot;,&quot;figureStyles&quot;:null,&quot;imgClassNames&quot;:&quot;wp-image-155&quot;,&quot;imgStyles&quot;:null,&quot;targetWidth&quot;:2000,&quot;targetHeight&quot;:1333,&quot;scaleAttr&quot;:false,&quot;ariaLabel&quot;:&quot;Amplia la imatge&quot;,&quot;alt&quot;:&quot;&quot;}\" data-wp-interactive=\"core\/image\" class=\"wp-block-image size-large wp-lightbox-container\"><img loading=\"lazy\" decoding=\"async\" width=\"1024\" height=\"682\" data-wp-init=\"callbacks.setButtonStyles\" data-wp-on-async--click=\"actions.showLightbox\" data-wp-on-async--load=\"callbacks.setButtonStyles\" data-wp-on-async-window--resize=\"callbacks.setButtonStyles\" src=\"https:\/\/grupcharlytrama.com\/jordiquimera\/wp-content\/uploads\/sites\/2\/2024\/09\/Magic-Hall-05-min-1024x682.jpg\" alt=\"\" class=\"wp-image-155\" srcset=\"https:\/\/grupcharlytrama.com\/jordiquimera\/wp-content\/uploads\/sites\/2\/2024\/09\/Magic-Hall-05-min-1024x682.jpg 1024w, https:\/\/grupcharlytrama.com\/jordiquimera\/wp-content\/uploads\/sites\/2\/2024\/09\/Magic-Hall-05-min-300x200.jpg 300w, https:\/\/grupcharlytrama.com\/jordiquimera\/wp-content\/uploads\/sites\/2\/2024\/09\/Magic-Hall-05-min.jpg 2000w\" sizes=\"(max-width: 1024px) 100vw, 1024px\" \/><button\n\t\t\tclass=\"lightbox-trigger\"\n\t\t\ttype=\"button\"\n\t\t\taria-haspopup=\"dialog\"\n\t\t\taria-label=\"Amplia la imatge\"\n\t\t\tdata-wp-init=\"callbacks.initTriggerButton\"\n\t\t\tdata-wp-on-async--click=\"actions.showLightbox\"\n\t\t\tdata-wp-style--right=\"context.imageButtonRight\"\n\t\t\tdata-wp-style--top=\"context.imageButtonTop\"\n\t\t>\n\t\t\t<svg xmlns=\"http:\/\/www.w3.org\/2000\/svg\" width=\"12\" height=\"12\" fill=\"none\" viewBox=\"0 0 12 12\">\n\t\t\t\t<path fill=\"#fff\" d=\"M2 0a2 2 0 0 0-2 2v2h1.5V2a.5.5 0 0 1 .5-.5h2V0H2Zm2 10.5H2a.5.5 0 0 1-.5-.5V8H0v2a2 2 0 0 0 2 2h2v-1.5ZM8 12v-1.5h2a.5.5 0 0 0 .5-.5V8H12v2a2 2 0 0 1-2 2H8Zm2-12a2 2 0 0 1 2 2v2h-1.5V2a.5.5 0 0 0-.5-.5H8V0h2Z\" \/>\n\t\t\t<\/svg>\n\t\t<\/button><\/figure>\n\n\n\n<figure data-wp-context=\"{&quot;uploadedSrc&quot;:&quot;https:\\\/\\\/grupcharlytrama.com\\\/jordiquimera\\\/wp-content\\\/uploads\\\/sites\\\/2\\\/2024\\\/09\\\/Magic-Hall-06-min.jpg&quot;,&quot;figureClassNames&quot;:&quot;wp-block-image size-large&quot;,&quot;figureStyles&quot;:null,&quot;imgClassNames&quot;:&quot;wp-image-156&quot;,&quot;imgStyles&quot;:null,&quot;targetWidth&quot;:2000,&quot;targetHeight&quot;:1333,&quot;scaleAttr&quot;:false,&quot;ariaLabel&quot;:&quot;Amplia la imatge&quot;,&quot;alt&quot;:&quot;&quot;}\" data-wp-interactive=\"core\/image\" class=\"wp-block-image size-large wp-lightbox-container\"><img loading=\"lazy\" decoding=\"async\" width=\"1024\" height=\"682\" data-wp-init=\"callbacks.setButtonStyles\" data-wp-on-async--click=\"actions.showLightbox\" data-wp-on-async--load=\"callbacks.setButtonStyles\" data-wp-on-async-window--resize=\"callbacks.setButtonStyles\" src=\"https:\/\/grupcharlytrama.com\/jordiquimera\/wp-content\/uploads\/sites\/2\/2024\/09\/Magic-Hall-06-min-1024x682.jpg\" alt=\"\" class=\"wp-image-156\" srcset=\"https:\/\/grupcharlytrama.com\/jordiquimera\/wp-content\/uploads\/sites\/2\/2024\/09\/Magic-Hall-06-min-1024x682.jpg 1024w, https:\/\/grupcharlytrama.com\/jordiquimera\/wp-content\/uploads\/sites\/2\/2024\/09\/Magic-Hall-06-min-300x200.jpg 300w, https:\/\/grupcharlytrama.com\/jordiquimera\/wp-content\/uploads\/sites\/2\/2024\/09\/Magic-Hall-06-min.jpg 2000w\" sizes=\"(max-width: 1024px) 100vw, 1024px\" \/><button\n\t\t\tclass=\"lightbox-trigger\"\n\t\t\ttype=\"button\"\n\t\t\taria-haspopup=\"dialog\"\n\t\t\taria-label=\"Amplia la imatge\"\n\t\t\tdata-wp-init=\"callbacks.initTriggerButton\"\n\t\t\tdata-wp-on-async--click=\"actions.showLightbox\"\n\t\t\tdata-wp-style--right=\"context.imageButtonRight\"\n\t\t\tdata-wp-style--top=\"context.imageButtonTop\"\n\t\t>\n\t\t\t<svg xmlns=\"http:\/\/www.w3.org\/2000\/svg\" width=\"12\" height=\"12\" fill=\"none\" viewBox=\"0 0 12 12\">\n\t\t\t\t<path fill=\"#fff\" d=\"M2 0a2 2 0 0 0-2 2v2h1.5V2a.5.5 0 0 1 .5-.5h2V0H2Zm2 10.5H2a.5.5 0 0 1-.5-.5V8H0v2a2 2 0 0 0 2 2h2v-1.5ZM8 12v-1.5h2a.5.5 0 0 0 .5-.5V8H12v2a2 2 0 0 1-2 2H8Zm2-12a2 2 0 0 1 2 2v2h-1.5V2a.5.5 0 0 0-.5-.5H8V0h2Z\" \/>\n\t\t\t<\/svg>\n\t\t<\/button><\/figure>\n\n\n\n<figure data-wp-context=\"{&quot;uploadedSrc&quot;:&quot;https:\\\/\\\/grupcharlytrama.com\\\/jordiquimera\\\/wp-content\\\/uploads\\\/sites\\\/2\\\/2024\\\/09\\\/Magic-Hall-03-min.jpg&quot;,&quot;figureClassNames&quot;:&quot;wp-block-image size-large&quot;,&quot;figureStyles&quot;:null,&quot;imgClassNames&quot;:&quot;wp-image-153&quot;,&quot;imgStyles&quot;:null,&quot;targetWidth&quot;:2000,&quot;targetHeight&quot;:1333,&quot;scaleAttr&quot;:false,&quot;ariaLabel&quot;:&quot;Amplia la imatge&quot;,&quot;alt&quot;:&quot;&quot;}\" data-wp-interactive=\"core\/image\" class=\"wp-block-image size-large wp-lightbox-container\"><img loading=\"lazy\" decoding=\"async\" width=\"1024\" height=\"682\" data-wp-init=\"callbacks.setButtonStyles\" data-wp-on-async--click=\"actions.showLightbox\" data-wp-on-async--load=\"callbacks.setButtonStyles\" data-wp-on-async-window--resize=\"callbacks.setButtonStyles\" src=\"https:\/\/grupcharlytrama.com\/jordiquimera\/wp-content\/uploads\/sites\/2\/2024\/09\/Magic-Hall-03-min-1024x682.jpg\" alt=\"\" class=\"wp-image-153\" srcset=\"https:\/\/grupcharlytrama.com\/jordiquimera\/wp-content\/uploads\/sites\/2\/2024\/09\/Magic-Hall-03-min-1024x682.jpg 1024w, https:\/\/grupcharlytrama.com\/jordiquimera\/wp-content\/uploads\/sites\/2\/2024\/09\/Magic-Hall-03-min-300x200.jpg 300w, https:\/\/grupcharlytrama.com\/jordiquimera\/wp-content\/uploads\/sites\/2\/2024\/09\/Magic-Hall-03-min.jpg 2000w\" sizes=\"(max-width: 1024px) 100vw, 1024px\" \/><button\n\t\t\tclass=\"lightbox-trigger\"\n\t\t\ttype=\"button\"\n\t\t\taria-haspopup=\"dialog\"\n\t\t\taria-label=\"Amplia la imatge\"\n\t\t\tdata-wp-init=\"callbacks.initTriggerButton\"\n\t\t\tdata-wp-on-async--click=\"actions.showLightbox\"\n\t\t\tdata-wp-style--right=\"context.imageButtonRight\"\n\t\t\tdata-wp-style--top=\"context.imageButtonTop\"\n\t\t>\n\t\t\t<svg xmlns=\"http:\/\/www.w3.org\/2000\/svg\" width=\"12\" height=\"12\" fill=\"none\" viewBox=\"0 0 12 12\">\n\t\t\t\t<path fill=\"#fff\" d=\"M2 0a2 2 0 0 0-2 2v2h1.5V2a.5.5 0 0 1 .5-.5h2V0H2Zm2 10.5H2a.5.5 0 0 1-.5-.5V8H0v2a2 2 0 0 0 2 2h2v-1.5ZM8 12v-1.5h2a.5.5 0 0 0 .5-.5V8H12v2a2 2 0 0 1-2 2H8Zm2-12a2 2 0 0 1 2 2v2h-1.5V2a.5.5 0 0 0-.5-.5H8V0h2Z\" \/>\n\t\t\t<\/svg>\n\t\t<\/button><\/figure>\n\n\n\n<figure data-wp-context=\"{&quot;uploadedSrc&quot;:&quot;https:\\\/\\\/grupcharlytrama.com\\\/jordiquimera\\\/wp-content\\\/uploads\\\/sites\\\/2\\\/2024\\\/09\\\/meta.jpg&quot;,&quot;figureClassNames&quot;:&quot;wp-block-image size-large&quot;,&quot;figureStyles&quot;:null,&quot;imgClassNames&quot;:&quot;wp-image-97&quot;,&quot;imgStyles&quot;:null,&quot;targetWidth&quot;:2000,&quot;targetHeight&quot;:1333,&quot;scaleAttr&quot;:false,&quot;ariaLabel&quot;:&quot;Amplia la imatge&quot;,&quot;alt&quot;:&quot;&quot;}\" data-wp-interactive=\"core\/image\" class=\"wp-block-image size-large wp-lightbox-container\"><img loading=\"lazy\" decoding=\"async\" width=\"1024\" height=\"682\" data-wp-init=\"callbacks.setButtonStyles\" data-wp-on-async--click=\"actions.showLightbox\" data-wp-on-async--load=\"callbacks.setButtonStyles\" data-wp-on-async-window--resize=\"callbacks.setButtonStyles\" src=\"http:\/\/grupcharlytrama.com\/jordiquimera\/wp-content\/uploads\/sites\/2\/2024\/09\/meta-1024x682.jpg\" alt=\"\" class=\"wp-image-97\" srcset=\"https:\/\/grupcharlytrama.com\/jordiquimera\/wp-content\/uploads\/sites\/2\/2024\/09\/meta-1024x682.jpg 1024w, https:\/\/grupcharlytrama.com\/jordiquimera\/wp-content\/uploads\/sites\/2\/2024\/09\/meta-300x200.jpg 300w, https:\/\/grupcharlytrama.com\/jordiquimera\/wp-content\/uploads\/sites\/2\/2024\/09\/meta-1536x1024.jpg 1536w, https:\/\/grupcharlytrama.com\/jordiquimera\/wp-content\/uploads\/sites\/2\/2024\/09\/meta.jpg 2000w\" sizes=\"(max-width: 1024px) 100vw, 1024px\" \/><button\n\t\t\tclass=\"lightbox-trigger\"\n\t\t\ttype=\"button\"\n\t\t\taria-haspopup=\"dialog\"\n\t\t\taria-label=\"Amplia la imatge\"\n\t\t\tdata-wp-init=\"callbacks.initTriggerButton\"\n\t\t\tdata-wp-on-async--click=\"actions.showLightbox\"\n\t\t\tdata-wp-style--right=\"context.imageButtonRight\"\n\t\t\tdata-wp-style--top=\"context.imageButtonTop\"\n\t\t>\n\t\t\t<svg xmlns=\"http:\/\/www.w3.org\/2000\/svg\" width=\"12\" height=\"12\" fill=\"none\" viewBox=\"0 0 12 12\">\n\t\t\t\t<path fill=\"#fff\" d=\"M2 0a2 2 0 0 0-2 2v2h1.5V2a.5.5 0 0 1 .5-.5h2V0H2Zm2 10.5H2a.5.5 0 0 1-.5-.5V8H0v2a2 2 0 0 0 2 2h2v-1.5ZM8 12v-1.5h2a.5.5 0 0 0 .5-.5V8H12v2a2 2 0 0 1-2 2H8Zm2-12a2 2 0 0 1 2 2v2h-1.5V2a.5.5 0 0 0-.5-.5H8V0h2Z\" \/>\n\t\t\t<\/svg>\n\t\t<\/button><\/figure>\n\n\n\n<figure data-wp-context=\"{&quot;uploadedSrc&quot;:&quot;https:\\\/\\\/grupcharlytrama.com\\\/jordiquimera\\\/wp-content\\\/uploads\\\/sites\\\/2\\\/2024\\\/09\\\/Magic-Hall-02-min-1.jpg&quot;,&quot;figureClassNames&quot;:&quot;wp-block-image size-large&quot;,&quot;figureStyles&quot;:null,&quot;imgClassNames&quot;:&quot;wp-image-158&quot;,&quot;imgStyles&quot;:null,&quot;targetWidth&quot;:2000,&quot;targetHeight&quot;:1333,&quot;scaleAttr&quot;:false,&quot;ariaLabel&quot;:&quot;Amplia la imatge&quot;,&quot;alt&quot;:&quot;&quot;}\" data-wp-interactive=\"core\/image\" class=\"wp-block-image size-large wp-lightbox-container\"><img loading=\"lazy\" decoding=\"async\" width=\"1024\" height=\"682\" data-wp-init=\"callbacks.setButtonStyles\" data-wp-on-async--click=\"actions.showLightbox\" data-wp-on-async--load=\"callbacks.setButtonStyles\" data-wp-on-async-window--resize=\"callbacks.setButtonStyles\" src=\"https:\/\/grupcharlytrama.com\/jordiquimera\/wp-content\/uploads\/sites\/2\/2024\/09\/Magic-Hall-02-min-1-1024x682.jpg\" alt=\"\" class=\"wp-image-158\" srcset=\"https:\/\/grupcharlytrama.com\/jordiquimera\/wp-content\/uploads\/sites\/2\/2024\/09\/Magic-Hall-02-min-1-1024x682.jpg 1024w, https:\/\/grupcharlytrama.com\/jordiquimera\/wp-content\/uploads\/sites\/2\/2024\/09\/Magic-Hall-02-min-1-300x200.jpg 300w, https:\/\/grupcharlytrama.com\/jordiquimera\/wp-content\/uploads\/sites\/2\/2024\/09\/Magic-Hall-02-min-1.jpg 2000w\" sizes=\"(max-width: 1024px) 100vw, 1024px\" \/><button\n\t\t\tclass=\"lightbox-trigger\"\n\t\t\ttype=\"button\"\n\t\t\taria-haspopup=\"dialog\"\n\t\t\taria-label=\"Amplia la imatge\"\n\t\t\tdata-wp-init=\"callbacks.initTriggerButton\"\n\t\t\tdata-wp-on-async--click=\"actions.showLightbox\"\n\t\t\tdata-wp-style--right=\"context.imageButtonRight\"\n\t\t\tdata-wp-style--top=\"context.imageButtonTop\"\n\t\t>\n\t\t\t<svg xmlns=\"http:\/\/www.w3.org\/2000\/svg\" width=\"12\" height=\"12\" fill=\"none\" viewBox=\"0 0 12 12\">\n\t\t\t\t<path fill=\"#fff\" d=\"M2 0a2 2 0 0 0-2 2v2h1.5V2a.5.5 0 0 1 .5-.5h2V0H2Zm2 10.5H2a.5.5 0 0 1-.5-.5V8H0v2a2 2 0 0 0 2 2h2v-1.5ZM8 12v-1.5h2a.5.5 0 0 0 .5-.5V8H12v2a2 2 0 0 1-2 2H8Zm2-12a2 2 0 0 1 2 2v2h-1.5V2a.5.5 0 0 0-.5-.5H8V0h2Z\" \/>\n\t\t\t<\/svg>\n\t\t<\/button><\/figure>\n<\/figure>\n\n\n\n<div style=\"height:46px\" aria-hidden=\"true\" class=\"wp-block-spacer\"><\/div>\n<\/div><\/div>\n","protected":false},"excerpt":{"rendered":"","protected":false},"author":1,"featured_media":512,"parent":0,"menu_order":0,"comment_status":"closed","ping_status":"closed","template":"","meta":{"_eb_attr":"","footnotes":""},"class_list":["post-130","page","type-page","status-publish","has-post-thumbnail","hentry"],"_links":{"self":[{"href":"https:\/\/grupcharlytrama.com\/jordiquimera\/wp-json\/wp\/v2\/pages\/130"}],"collection":[{"href":"https:\/\/grupcharlytrama.com\/jordiquimera\/wp-json\/wp\/v2\/pages"}],"about":[{"href":"https:\/\/grupcharlytrama.com\/jordiquimera\/wp-json\/wp\/v2\/types\/page"}],"author":[{"embeddable":true,"href":"https:\/\/grupcharlytrama.com\/jordiquimera\/wp-json\/wp\/v2\/users\/1"}],"replies":[{"embeddable":true,"href":"https:\/\/grupcharlytrama.com\/jordiquimera\/wp-json\/wp\/v2\/comments?post=130"}],"version-history":[{"count":39,"href":"https:\/\/grupcharlytrama.com\/jordiquimera\/wp-json\/wp\/v2\/pages\/130\/revisions"}],"predecessor-version":[{"id":1015,"href":"https:\/\/grupcharlytrama.com\/jordiquimera\/wp-json\/wp\/v2\/pages\/130\/revisions\/1015"}],"wp:featuredmedia":[{"embeddable":true,"href":"https:\/\/grupcharlytrama.com\/jordiquimera\/wp-json\/wp\/v2\/media\/512"}],"wp:attachment":[{"href":"https:\/\/grupcharlytrama.com\/jordiquimera\/wp-json\/wp\/v2\/media?parent=130"}],"curies":[{"name":"wp","href":"https:\/\/api.w.org\/{rel}","templated":true}]}}