{"id":256,"date":"2024-09-25T10:38:31","date_gmt":"2024-09-25T08:38:31","guid":{"rendered":"https:\/\/grupcharlytrama.com\/jordiquimera\/?page_id=256"},"modified":"2025-09-08T16:23:53","modified_gmt":"2025-09-08T14:23:53","slug":"magic-hall-esp","status":"publish","type":"page","link":"https:\/\/grupcharlytrama.com\/jordiquimera\/es\/magic-hall-esp\/","title":{"rendered":"Magic Hall"},"content":{"rendered":"\n<div class=\"wp-block-cover alignfull is-light\"><span aria-hidden=\"true\" class=\"wp-block-cover__background has-background-dim-0 has-background-dim\" style=\"background-color:#292929\"><\/span><img loading=\"lazy\" decoding=\"async\" width=\"1810\" height=\"2560\" sizes=\"(max-width: 799px) 200vw,(max-width: 1810px) 100vw,1810px\" class=\"wp-block-cover__image-background wp-image-364\" alt=\"\" src=\"http:\/\/grupcharlytrama.com\/jordiquimera\/wp-content\/uploads\/sites\/2\/2025\/08\/Fons-fum-scaled.jpg\" style=\"object-position:50% 100%\" data-object-fit=\"cover\" data-object-position=\"50% 100%\" srcset=\"https:\/\/grupcharlytrama.com\/jordiquimera\/wp-content\/uploads\/sites\/2\/2025\/08\/Fons-fum-scaled.jpg 1810w, https:\/\/grupcharlytrama.com\/jordiquimera\/wp-content\/uploads\/sites\/2\/2025\/08\/Fons-fum-212x300.jpg 212w, https:\/\/grupcharlytrama.com\/jordiquimera\/wp-content\/uploads\/sites\/2\/2025\/08\/Fons-fum-724x1024.jpg 724w, https:\/\/grupcharlytrama.com\/jordiquimera\/wp-content\/uploads\/sites\/2\/2025\/08\/Fons-fum-2000x2829.jpg 2000w\" \/><div class=\"wp-block-cover__inner-container has-global-padding is-layout-constrained wp-block-cover-is-layout-constrained\">\n<div style=\"height:10px\" aria-hidden=\"true\" class=\"wp-block-spacer\"><\/div>\n\n\n\n<figure class=\"wp-block-image aligncenter size-large is-resized\"><img loading=\"lazy\" decoding=\"async\" width=\"1024\" height=\"764\" src=\"http:\/\/grupcharlytrama.com\/jordiquimera\/wp-content\/uploads\/sites\/2\/2024\/09\/Magic-Hall-_-typo-copia-min-1024x764.png\" alt=\"\" class=\"wp-image-137\" style=\"width:auto;height:165px\" srcset=\"https:\/\/grupcharlytrama.com\/jordiquimera\/wp-content\/uploads\/sites\/2\/2024\/09\/Magic-Hall-_-typo-copia-min-1024x764.png 1024w, https:\/\/grupcharlytrama.com\/jordiquimera\/wp-content\/uploads\/sites\/2\/2024\/09\/Magic-Hall-_-typo-copia-min-300x224.png 300w, https:\/\/grupcharlytrama.com\/jordiquimera\/wp-content\/uploads\/sites\/2\/2024\/09\/Magic-Hall-_-typo-copia-min.png 2000w\" sizes=\"(max-width: 1024px) 100vw, 1024px\" \/><\/figure>\n\n\n\n<div style=\"height:31px\" aria-hidden=\"true\" class=\"wp-block-spacer\"><\/div>\n\n\n\n<div class=\"wp-block-columns is-layout-flex wp-container-core-columns-is-layout-1 wp-block-columns-is-layout-flex\">\n<div class=\"wp-block-column is-layout-flow wp-block-column-is-layout-flow\">\n<div style=\"height:18px\" aria-hidden=\"true\" class=\"wp-block-spacer\"><\/div>\n\n\n\n<figure class=\"wp-block-embed is-type-video is-provider-youtube wp-block-embed-youtube wp-embed-aspect-16-9 wp-has-aspect-ratio\" style=\"margin-right:0;margin-left:0\"><div class=\"wp-block-embed__wrapper\">\n<iframe loading=\"lazy\" title=\"Jordi Quimera \u2013 Magic Hall (2025) | Magic Show Reel\" width=\"950\" height=\"534\" src=\"https:\/\/www.youtube.com\/embed\/awsr6XOX_TQ?feature=oembed\" frameborder=\"0\" allow=\"accelerometer; autoplay; clipboard-write; encrypted-media; gyroscope; picture-in-picture; web-share\" referrerpolicy=\"strict-origin-when-cross-origin\" allowfullscreen><\/iframe>\n<\/div><\/figure>\n<\/div>\n\n\n\n<div class=\"wp-block-column is-vertically-aligned-center is-layout-flow wp-block-column-is-layout-flow\">\n<h2 class=\"wp-block-heading has-text-align-center has-montserrat-font-family\">La magia no se esconde: se comparte.<\/h2>\n\n\n\n<p class=\"has-text-align-center has-primary-color has-text-color has-link-color has-medium-font-size wp-elements-bdd1766cfddb2a9334c13f4fedb04726 tw-block-animation tw-animation-fade-in-up\" style=\"margin-right:var(--wp--preset--spacing--x-small);margin-left:var(--wp--preset--spacing--x-small)\">Un viaje esc\u00e9nico por la historia de la magia, desde el mentalismo hasta las grandes ilusiones.<br><mark style=\"background-color:rgba(0, 0, 0, 0)\" class=\"has-inline-color has-secondary-color\">Magic Hall <\/mark>revisita juegos cl\u00e1sicos de hace m\u00e1s de 200 a\u00f1os con humor, m\u00fasica y una mirada contempor\u00e1nea.<br>Pensado para teatros medianos y grandes, con escenograf\u00eda propia y un tono fresco, l\u00fadico y sorprendente.<\/p>\n<\/div>\n<\/div>\n\n\n\n<div style=\"height:33px\" aria-hidden=\"true\" class=\"wp-block-spacer\"><\/div>\n\n\n\n<div class=\"wp-block-buttons is-content-justification-center is-layout-flex wp-container-core-buttons-is-layout-1 wp-block-buttons-is-layout-flex\">\n<div class=\"wp-block-button is-style-fill\"><a class=\"wp-block-button__link has-secondary-background-color has-background wp-element-button\" href=\"http:\/\/grupcharlytrama.com\/jordiquimera\/wp-content\/uploads\/sites\/2\/2025\/08\/De_MagicHall_2026.pdf\" style=\"border-radius:10px\" target=\"_blank\" rel=\"noreferrer noopener\">DOSSIER<\/a><\/div>\n\n\n\n<div class=\"wp-block-button is-style-fill\"><a class=\"wp-block-button__link has-background wp-element-button\" href=\"https:\/\/www.dropbox.com\/scl\/fi\/w5f70zqq5f4897166bq3s\/M_Magic_Hall.zip?rlkey=6raqqazzg37dty1vnj7bttsd8&amp;st=nb03k2ox&amp;dl=0\" style=\"border-radius:10px;background-color:#0f737b\" target=\"_blank\" rel=\"noreferrer noopener\">DESCARGAS<\/a><\/div>\n\n\n\n<div class=\"wp-block-button is-style-fill\"><a class=\"wp-block-button__link has-background wp-element-button\" href=\"http:\/\/grupcharlytrama.com\/jordiquimera\/wp-content\/uploads\/sites\/2\/2025\/08\/MagicHall_poster_e-scaled.jpg\" style=\"border-radius:10px;background-color:#0f7b4d\" target=\"_blank\" rel=\"noreferrer noopener\">CARTEL<\/a><\/div>\n<\/div>\n\n\n\n<div style=\"height:51px\" aria-hidden=\"true\" class=\"wp-block-spacer\"><\/div>\n\n\n\n<div class=\"wp-block-columns is-layout-flex wp-container-core-columns-is-layout-2 wp-block-columns-is-layout-flex\">\n<div class=\"wp-block-column is-layout-flow wp-block-column-is-layout-flow\" style=\"--col-width:66.66%;flex-basis:66.66%\">\n<h2 class=\"wp-block-heading has-x-large-font-size tw-block-animation tw-animation-fade-in-up\">SINOPSIS<\/h2>\n\n\n\n<p class=\"tw-block-animation tw-animation-fade-in-up\">Hay juegos de magia que tienen m\u00e1s de doscientos a\u00f1os. Que han viajado por los escenarios del mundo y han dejado boquiabiertos a emperadores, campesinos, artistas y ni\u00f1os de todas las \u00e9pocas.<\/p>\n\n\n\n<p class=\"tw-block-animation tw-animation-fade-in-up\">Y a\u00fan hoy\u2026 siguen fascinando.<\/p>\n\n\n\n<p><mark style=\"background-color:rgba(0, 0, 0, 0)\" class=\"has-inline-color has-secondary-color\">Magic Hall<\/mark> rescata esas grandes ilusiones del pasado \u2014algunas tan antiguas como el ilusionismo moderno\u2014 y las hace revivir bajo una nueva luz. <mark style=\"background-color:rgba(0, 0, 0, 0)\" class=\"has-inline-color has-secondary-color\">Jordi Quimera<\/mark> las reinterpreta con humor, canciones en directo y una mirada \u00fanica, atrevida y plenamente del siglo XXI.<\/p>\n\n\n\n<p class=\"tw-block-animation tw-animation-fade-in-up\">Un espect\u00e1culo honesto y sorprendente que reivindica la tradici\u00f3n m\u00e1gica como nunca la has visto.<\/p>\n\n\n\n<p class=\"tw-block-animation tw-animation-fade-in-up\">Porque, a veces, la magia no se esconde: se comparte.<\/p>\n<\/div>\n\n\n\n<div class=\"wp-block-column is-layout-flow wp-block-column-is-layout-flow\" style=\"--col-width:33.33%;flex-basis:33.33%\">\n<h2 class=\"wp-block-heading has-text-align-right has-x-large-font-size tw-block-animation tw-animation-fade-in-up\">LOS DATOS<\/h2>\n\n\n\n<p class=\"has-text-align-right tw-block-animation tw-animation-fade-in-up\"><mark style=\"background-color:rgba(0, 0, 0, 0);color:#930202\" class=\"has-inline-color\">Formato:<\/mark> Interior.<br><mark style=\"background-color:rgba(0, 0, 0, 0);color:#930202\" class=\"has-inline-color\">G\u00e9nero:<\/mark> Ilusionismo.<br><mark style=\"background-color:rgba(0, 0, 0, 0);color:#930202\" class=\"has-inline-color\">P\u00fablico:<\/mark> Para todos los p\u00fablicos.<br><mark style=\"background-color:rgba(0, 0, 0, 0);color:#930202\" class=\"has-inline-color\">Duraci\u00f3n:<\/mark> 60 min.<br><mark style=\"background-color:rgba(0, 0, 0, 0);color:#930202\" class=\"has-inline-color\">Idioma:<\/mark> Catal\u00e1n y castellano.<\/p>\n<\/div>\n<\/div>\n\n\n\n<div style=\"height:51px\" aria-hidden=\"true\" class=\"wp-block-spacer\"><\/div>\n\n\n\n<figure class=\"wp-block-gallery has-nested-images columns-default is-cropped wp-block-gallery-1 is-layout-flex wp-block-gallery-is-layout-flex\">\n<figure data-wp-context=\"{&quot;uploadedSrc&quot;:&quot;https:\\\/\\\/grupcharlytrama.com\\\/jordiquimera\\\/wp-content\\\/uploads\\\/sites\\\/2\\\/2024\\\/09\\\/Magic-Hall-01-min.jpg&quot;,&quot;figureClassNames&quot;:&quot;wp-block-image size-large&quot;,&quot;figureStyles&quot;:null,&quot;imgClassNames&quot;:&quot;wp-image-151&quot;,&quot;imgStyles&quot;:null,&quot;targetWidth&quot;:2000,&quot;targetHeight&quot;:1333,&quot;scaleAttr&quot;:false,&quot;ariaLabel&quot;:&quot;Amplia la imatge&quot;,&quot;alt&quot;:&quot;&quot;}\" data-wp-interactive=\"core\/image\" class=\"wp-block-image size-large wp-lightbox-container\"><img loading=\"lazy\" decoding=\"async\" width=\"1024\" height=\"682\" data-wp-init=\"callbacks.setButtonStyles\" data-wp-on-async--click=\"actions.showLightbox\" data-wp-on-async--load=\"callbacks.setButtonStyles\" data-wp-on-async-window--resize=\"callbacks.setButtonStyles\" src=\"https:\/\/grupcharlytrama.com\/jordiquimera\/wp-content\/uploads\/sites\/2\/2024\/09\/Magic-Hall-01-min-1024x682.jpg\" alt=\"\" class=\"wp-image-151\" srcset=\"https:\/\/grupcharlytrama.com\/jordiquimera\/wp-content\/uploads\/sites\/2\/2024\/09\/Magic-Hall-01-min-1024x682.jpg 1024w, https:\/\/grupcharlytrama.com\/jordiquimera\/wp-content\/uploads\/sites\/2\/2024\/09\/Magic-Hall-01-min-300x200.jpg 300w, https:\/\/grupcharlytrama.com\/jordiquimera\/wp-content\/uploads\/sites\/2\/2024\/09\/Magic-Hall-01-min-1536x1024.jpg 1536w, https:\/\/grupcharlytrama.com\/jordiquimera\/wp-content\/uploads\/sites\/2\/2024\/09\/Magic-Hall-01-min.jpg 2000w\" sizes=\"(max-width: 1024px) 100vw, 1024px\" \/><button\n\t\t\tclass=\"lightbox-trigger\"\n\t\t\ttype=\"button\"\n\t\t\taria-haspopup=\"dialog\"\n\t\t\taria-label=\"Amplia la imatge\"\n\t\t\tdata-wp-init=\"callbacks.initTriggerButton\"\n\t\t\tdata-wp-on-async--click=\"actions.showLightbox\"\n\t\t\tdata-wp-style--right=\"context.imageButtonRight\"\n\t\t\tdata-wp-style--top=\"context.imageButtonTop\"\n\t\t>\n\t\t\t<svg xmlns=\"http:\/\/www.w3.org\/2000\/svg\" width=\"12\" height=\"12\" fill=\"none\" viewBox=\"0 0 12 12\">\n\t\t\t\t<path fill=\"#fff\" d=\"M2 0a2 2 0 0 0-2 2v2h1.5V2a.5.5 0 0 1 .5-.5h2V0H2Zm2 10.5H2a.5.5 0 0 1-.5-.5V8H0v2a2 2 0 0 0 2 2h2v-1.5ZM8 12v-1.5h2a.5.5 0 0 0 .5-.5V8H12v2a2 2 0 0 1-2 2H8Zm2-12a2 2 0 0 1 2 2v2h-1.5V2a.5.5 0 0 0-.5-.5H8V0h2Z\" \/>\n\t\t\t<\/svg>\n\t\t<\/button><\/figure>\n\n\n\n<figure data-wp-context=\"{&quot;uploadedSrc&quot;:&quot;https:\\\/\\\/grupcharlytrama.com\\\/jordiquimera\\\/wp-content\\\/uploads\\\/sites\\\/2\\\/2024\\\/09\\\/Magic-Hall-05-min.jpg&quot;,&quot;figureClassNames&quot;:&quot;wp-block-image size-large&quot;,&quot;figureStyles&quot;:null,&quot;imgClassNames&quot;:&quot;wp-image-155&quot;,&quot;imgStyles&quot;:null,&quot;targetWidth&quot;:2000,&quot;targetHeight&quot;:1333,&quot;scaleAttr&quot;:false,&quot;ariaLabel&quot;:&quot;Amplia la imatge&quot;,&quot;alt&quot;:&quot;&quot;}\" data-wp-interactive=\"core\/image\" class=\"wp-block-image size-large wp-lightbox-container\"><img loading=\"lazy\" decoding=\"async\" width=\"1024\" height=\"682\" data-wp-init=\"callbacks.setButtonStyles\" data-wp-on-async--click=\"actions.showLightbox\" data-wp-on-async--load=\"callbacks.setButtonStyles\" data-wp-on-async-window--resize=\"callbacks.setButtonStyles\" src=\"https:\/\/grupcharlytrama.com\/jordiquimera\/wp-content\/uploads\/sites\/2\/2024\/09\/Magic-Hall-05-min-1024x682.jpg\" alt=\"\" class=\"wp-image-155\" srcset=\"https:\/\/grupcharlytrama.com\/jordiquimera\/wp-content\/uploads\/sites\/2\/2024\/09\/Magic-Hall-05-min-1024x682.jpg 1024w, https:\/\/grupcharlytrama.com\/jordiquimera\/wp-content\/uploads\/sites\/2\/2024\/09\/Magic-Hall-05-min-300x200.jpg 300w, https:\/\/grupcharlytrama.com\/jordiquimera\/wp-content\/uploads\/sites\/2\/2024\/09\/Magic-Hall-05-min.jpg 2000w\" sizes=\"(max-width: 1024px) 100vw, 1024px\" \/><button\n\t\t\tclass=\"lightbox-trigger\"\n\t\t\ttype=\"button\"\n\t\t\taria-haspopup=\"dialog\"\n\t\t\taria-label=\"Amplia la imatge\"\n\t\t\tdata-wp-init=\"callbacks.initTriggerButton\"\n\t\t\tdata-wp-on-async--click=\"actions.showLightbox\"\n\t\t\tdata-wp-style--right=\"context.imageButtonRight\"\n\t\t\tdata-wp-style--top=\"context.imageButtonTop\"\n\t\t>\n\t\t\t<svg xmlns=\"http:\/\/www.w3.org\/2000\/svg\" width=\"12\" height=\"12\" fill=\"none\" viewBox=\"0 0 12 12\">\n\t\t\t\t<path fill=\"#fff\" d=\"M2 0a2 2 0 0 0-2 2v2h1.5V2a.5.5 0 0 1 .5-.5h2V0H2Zm2 10.5H2a.5.5 0 0 1-.5-.5V8H0v2a2 2 0 0 0 2 2h2v-1.5ZM8 12v-1.5h2a.5.5 0 0 0 .5-.5V8H12v2a2 2 0 0 1-2 2H8Zm2-12a2 2 0 0 1 2 2v2h-1.5V2a.5.5 0 0 0-.5-.5H8V0h2Z\" \/>\n\t\t\t<\/svg>\n\t\t<\/button><\/figure>\n\n\n\n<figure data-wp-context=\"{&quot;uploadedSrc&quot;:&quot;https:\\\/\\\/grupcharlytrama.com\\\/jordiquimera\\\/wp-content\\\/uploads\\\/sites\\\/2\\\/2024\\\/09\\\/Magic-Hall-06-min.jpg&quot;,&quot;figureClassNames&quot;:&quot;wp-block-image size-large&quot;,&quot;figureStyles&quot;:null,&quot;imgClassNames&quot;:&quot;wp-image-156&quot;,&quot;imgStyles&quot;:null,&quot;targetWidth&quot;:2000,&quot;targetHeight&quot;:1333,&quot;scaleAttr&quot;:false,&quot;ariaLabel&quot;:&quot;Amplia la imatge&quot;,&quot;alt&quot;:&quot;&quot;}\" data-wp-interactive=\"core\/image\" class=\"wp-block-image size-large wp-lightbox-container\"><img loading=\"lazy\" decoding=\"async\" width=\"1024\" height=\"682\" data-wp-init=\"callbacks.setButtonStyles\" data-wp-on-async--click=\"actions.showLightbox\" data-wp-on-async--load=\"callbacks.setButtonStyles\" data-wp-on-async-window--resize=\"callbacks.setButtonStyles\" src=\"https:\/\/grupcharlytrama.com\/jordiquimera\/wp-content\/uploads\/sites\/2\/2024\/09\/Magic-Hall-06-min-1024x682.jpg\" alt=\"\" class=\"wp-image-156\" srcset=\"https:\/\/grupcharlytrama.com\/jordiquimera\/wp-content\/uploads\/sites\/2\/2024\/09\/Magic-Hall-06-min-1024x682.jpg 1024w, https:\/\/grupcharlytrama.com\/jordiquimera\/wp-content\/uploads\/sites\/2\/2024\/09\/Magic-Hall-06-min-300x200.jpg 300w, https:\/\/grupcharlytrama.com\/jordiquimera\/wp-content\/uploads\/sites\/2\/2024\/09\/Magic-Hall-06-min.jpg 2000w\" sizes=\"(max-width: 1024px) 100vw, 1024px\" \/><button\n\t\t\tclass=\"lightbox-trigger\"\n\t\t\ttype=\"button\"\n\t\t\taria-haspopup=\"dialog\"\n\t\t\taria-label=\"Amplia la imatge\"\n\t\t\tdata-wp-init=\"callbacks.initTriggerButton\"\n\t\t\tdata-wp-on-async--click=\"actions.showLightbox\"\n\t\t\tdata-wp-style--right=\"context.imageButtonRight\"\n\t\t\tdata-wp-style--top=\"context.imageButtonTop\"\n\t\t>\n\t\t\t<svg xmlns=\"http:\/\/www.w3.org\/2000\/svg\" width=\"12\" height=\"12\" fill=\"none\" viewBox=\"0 0 12 12\">\n\t\t\t\t<path fill=\"#fff\" d=\"M2 0a2 2 0 0 0-2 2v2h1.5V2a.5.5 0 0 1 .5-.5h2V0H2Zm2 10.5H2a.5.5 0 0 1-.5-.5V8H0v2a2 2 0 0 0 2 2h2v-1.5ZM8 12v-1.5h2a.5.5 0 0 0 .5-.5V8H12v2a2 2 0 0 1-2 2H8Zm2-12a2 2 0 0 1 2 2v2h-1.5V2a.5.5 0 0 0-.5-.5H8V0h2Z\" \/>\n\t\t\t<\/svg>\n\t\t<\/button><\/figure>\n\n\n\n<figure data-wp-context=\"{&quot;uploadedSrc&quot;:&quot;https:\\\/\\\/grupcharlytrama.com\\\/jordiquimera\\\/wp-content\\\/uploads\\\/sites\\\/2\\\/2024\\\/09\\\/Magic-Hall-03-min.jpg&quot;,&quot;figureClassNames&quot;:&quot;wp-block-image size-large&quot;,&quot;figureStyles&quot;:null,&quot;imgClassNames&quot;:&quot;wp-image-153&quot;,&quot;imgStyles&quot;:null,&quot;targetWidth&quot;:2000,&quot;targetHeight&quot;:1333,&quot;scaleAttr&quot;:false,&quot;ariaLabel&quot;:&quot;Amplia la imatge&quot;,&quot;alt&quot;:&quot;&quot;}\" data-wp-interactive=\"core\/image\" class=\"wp-block-image size-large wp-lightbox-container\"><img loading=\"lazy\" decoding=\"async\" width=\"1024\" height=\"682\" data-wp-init=\"callbacks.setButtonStyles\" data-wp-on-async--click=\"actions.showLightbox\" data-wp-on-async--load=\"callbacks.setButtonStyles\" data-wp-on-async-window--resize=\"callbacks.setButtonStyles\" src=\"https:\/\/grupcharlytrama.com\/jordiquimera\/wp-content\/uploads\/sites\/2\/2024\/09\/Magic-Hall-03-min-1024x682.jpg\" alt=\"\" class=\"wp-image-153\" srcset=\"https:\/\/grupcharlytrama.com\/jordiquimera\/wp-content\/uploads\/sites\/2\/2024\/09\/Magic-Hall-03-min-1024x682.jpg 1024w, https:\/\/grupcharlytrama.com\/jordiquimera\/wp-content\/uploads\/sites\/2\/2024\/09\/Magic-Hall-03-min-300x200.jpg 300w, https:\/\/grupcharlytrama.com\/jordiquimera\/wp-content\/uploads\/sites\/2\/2024\/09\/Magic-Hall-03-min.jpg 2000w\" sizes=\"(max-width: 1024px) 100vw, 1024px\" \/><button\n\t\t\tclass=\"lightbox-trigger\"\n\t\t\ttype=\"button\"\n\t\t\taria-haspopup=\"dialog\"\n\t\t\taria-label=\"Amplia la imatge\"\n\t\t\tdata-wp-init=\"callbacks.initTriggerButton\"\n\t\t\tdata-wp-on-async--click=\"actions.showLightbox\"\n\t\t\tdata-wp-style--right=\"context.imageButtonRight\"\n\t\t\tdata-wp-style--top=\"context.imageButtonTop\"\n\t\t>\n\t\t\t<svg xmlns=\"http:\/\/www.w3.org\/2000\/svg\" width=\"12\" height=\"12\" fill=\"none\" viewBox=\"0 0 12 12\">\n\t\t\t\t<path fill=\"#fff\" d=\"M2 0a2 2 0 0 0-2 2v2h1.5V2a.5.5 0 0 1 .5-.5h2V0H2Zm2 10.5H2a.5.5 0 0 1-.5-.5V8H0v2a2 2 0 0 0 2 2h2v-1.5ZM8 12v-1.5h2a.5.5 0 0 0 .5-.5V8H12v2a2 2 0 0 1-2 2H8Zm2-12a2 2 0 0 1 2 2v2h-1.5V2a.5.5 0 0 0-.5-.5H8V0h2Z\" \/>\n\t\t\t<\/svg>\n\t\t<\/button><\/figure>\n\n\n\n<figure data-wp-context=\"{&quot;uploadedSrc&quot;:&quot;https:\\\/\\\/grupcharlytrama.com\\\/jordiquimera\\\/wp-content\\\/uploads\\\/sites\\\/2\\\/2024\\\/09\\\/meta.jpg&quot;,&quot;figureClassNames&quot;:&quot;wp-block-image size-large&quot;,&quot;figureStyles&quot;:null,&quot;imgClassNames&quot;:&quot;wp-image-97&quot;,&quot;imgStyles&quot;:null,&quot;targetWidth&quot;:2000,&quot;targetHeight&quot;:1333,&quot;scaleAttr&quot;:false,&quot;ariaLabel&quot;:&quot;Amplia la imatge&quot;,&quot;alt&quot;:&quot;&quot;}\" data-wp-interactive=\"core\/image\" class=\"wp-block-image size-large wp-lightbox-container\"><img loading=\"lazy\" decoding=\"async\" width=\"1024\" height=\"682\" data-wp-init=\"callbacks.setButtonStyles\" data-wp-on-async--click=\"actions.showLightbox\" data-wp-on-async--load=\"callbacks.setButtonStyles\" data-wp-on-async-window--resize=\"callbacks.setButtonStyles\" src=\"http:\/\/grupcharlytrama.com\/jordiquimera\/wp-content\/uploads\/sites\/2\/2024\/09\/meta-1024x682.jpg\" alt=\"\" class=\"wp-image-97\" srcset=\"https:\/\/grupcharlytrama.com\/jordiquimera\/wp-content\/uploads\/sites\/2\/2024\/09\/meta-1024x682.jpg 1024w, https:\/\/grupcharlytrama.com\/jordiquimera\/wp-content\/uploads\/sites\/2\/2024\/09\/meta-300x200.jpg 300w, https:\/\/grupcharlytrama.com\/jordiquimera\/wp-content\/uploads\/sites\/2\/2024\/09\/meta-1536x1024.jpg 1536w, https:\/\/grupcharlytrama.com\/jordiquimera\/wp-content\/uploads\/sites\/2\/2024\/09\/meta.jpg 2000w\" sizes=\"(max-width: 1024px) 100vw, 1024px\" \/><button\n\t\t\tclass=\"lightbox-trigger\"\n\t\t\ttype=\"button\"\n\t\t\taria-haspopup=\"dialog\"\n\t\t\taria-label=\"Amplia la imatge\"\n\t\t\tdata-wp-init=\"callbacks.initTriggerButton\"\n\t\t\tdata-wp-on-async--click=\"actions.showLightbox\"\n\t\t\tdata-wp-style--right=\"context.imageButtonRight\"\n\t\t\tdata-wp-style--top=\"context.imageButtonTop\"\n\t\t>\n\t\t\t<svg xmlns=\"http:\/\/www.w3.org\/2000\/svg\" width=\"12\" height=\"12\" fill=\"none\" viewBox=\"0 0 12 12\">\n\t\t\t\t<path fill=\"#fff\" d=\"M2 0a2 2 0 0 0-2 2v2h1.5V2a.5.5 0 0 1 .5-.5h2V0H2Zm2 10.5H2a.5.5 0 0 1-.5-.5V8H0v2a2 2 0 0 0 2 2h2v-1.5ZM8 12v-1.5h2a.5.5 0 0 0 .5-.5V8H12v2a2 2 0 0 1-2 2H8Zm2-12a2 2 0 0 1 2 2v2h-1.5V2a.5.5 0 0 0-.5-.5H8V0h2Z\" \/>\n\t\t\t<\/svg>\n\t\t<\/button><\/figure>\n\n\n\n<figure data-wp-context=\"{&quot;uploadedSrc&quot;:&quot;https:\\\/\\\/grupcharlytrama.com\\\/jordiquimera\\\/wp-content\\\/uploads\\\/sites\\\/2\\\/2024\\\/09\\\/Magic-Hall-02-min-1.jpg&quot;,&quot;figureClassNames&quot;:&quot;wp-block-image size-large&quot;,&quot;figureStyles&quot;:null,&quot;imgClassNames&quot;:&quot;wp-image-158&quot;,&quot;imgStyles&quot;:null,&quot;targetWidth&quot;:2000,&quot;targetHeight&quot;:1333,&quot;scaleAttr&quot;:false,&quot;ariaLabel&quot;:&quot;Amplia la imatge&quot;,&quot;alt&quot;:&quot;&quot;}\" data-wp-interactive=\"core\/image\" class=\"wp-block-image size-large wp-lightbox-container\"><img loading=\"lazy\" decoding=\"async\" width=\"1024\" height=\"682\" data-wp-init=\"callbacks.setButtonStyles\" data-wp-on-async--click=\"actions.showLightbox\" data-wp-on-async--load=\"callbacks.setButtonStyles\" data-wp-on-async-window--resize=\"callbacks.setButtonStyles\" src=\"https:\/\/grupcharlytrama.com\/jordiquimera\/wp-content\/uploads\/sites\/2\/2024\/09\/Magic-Hall-02-min-1-1024x682.jpg\" alt=\"\" class=\"wp-image-158\" srcset=\"https:\/\/grupcharlytrama.com\/jordiquimera\/wp-content\/uploads\/sites\/2\/2024\/09\/Magic-Hall-02-min-1-1024x682.jpg 1024w, https:\/\/grupcharlytrama.com\/jordiquimera\/wp-content\/uploads\/sites\/2\/2024\/09\/Magic-Hall-02-min-1-300x200.jpg 300w, https:\/\/grupcharlytrama.com\/jordiquimera\/wp-content\/uploads\/sites\/2\/2024\/09\/Magic-Hall-02-min-1.jpg 2000w\" sizes=\"(max-width: 1024px) 100vw, 1024px\" \/><button\n\t\t\tclass=\"lightbox-trigger\"\n\t\t\ttype=\"button\"\n\t\t\taria-haspopup=\"dialog\"\n\t\t\taria-label=\"Amplia la imatge\"\n\t\t\tdata-wp-init=\"callbacks.initTriggerButton\"\n\t\t\tdata-wp-on-async--click=\"actions.showLightbox\"\n\t\t\tdata-wp-style--right=\"context.imageButtonRight\"\n\t\t\tdata-wp-style--top=\"context.imageButtonTop\"\n\t\t>\n\t\t\t<svg xmlns=\"http:\/\/www.w3.org\/2000\/svg\" width=\"12\" height=\"12\" fill=\"none\" viewBox=\"0 0 12 12\">\n\t\t\t\t<path fill=\"#fff\" d=\"M2 0a2 2 0 0 0-2 2v2h1.5V2a.5.5 0 0 1 .5-.5h2V0H2Zm2 10.5H2a.5.5 0 0 1-.5-.5V8H0v2a2 2 0 0 0 2 2h2v-1.5ZM8 12v-1.5h2a.5.5 0 0 0 .5-.5V8H12v2a2 2 0 0 1-2 2H8Zm2-12a2 2 0 0 1 2 2v2h-1.5V2a.5.5 0 0 0-.5-.5H8V0h2Z\" \/>\n\t\t\t<\/svg>\n\t\t<\/button><\/figure>\n<\/figure>\n\n\n\n<div style=\"height:46px\" aria-hidden=\"true\" class=\"wp-block-spacer\"><\/div>\n<\/div><\/div>\n","protected":false},"excerpt":{"rendered":"","protected":false},"author":1,"featured_media":512,"parent":0,"menu_order":0,"comment_status":"closed","ping_status":"closed","template":"","meta":{"_eb_attr":"","footnotes":""},"class_list":["post-256","page","type-page","status-publish","has-post-thumbnail","hentry"],"_links":{"self":[{"href":"https:\/\/grupcharlytrama.com\/jordiquimera\/wp-json\/wp\/v2\/pages\/256"}],"collection":[{"href":"https:\/\/grupcharlytrama.com\/jordiquimera\/wp-json\/wp\/v2\/pages"}],"about":[{"href":"https:\/\/grupcharlytrama.com\/jordiquimera\/wp-json\/wp\/v2\/types\/page"}],"author":[{"embeddable":true,"href":"https:\/\/grupcharlytrama.com\/jordiquimera\/wp-json\/wp\/v2\/users\/1"}],"replies":[{"embeddable":true,"href":"https:\/\/grupcharlytrama.com\/jordiquimera\/wp-json\/wp\/v2\/comments?post=256"}],"version-history":[{"count":16,"href":"https:\/\/grupcharlytrama.com\/jordiquimera\/wp-json\/wp\/v2\/pages\/256\/revisions"}],"predecessor-version":[{"id":1014,"href":"https:\/\/grupcharlytrama.com\/jordiquimera\/wp-json\/wp\/v2\/pages\/256\/revisions\/1014"}],"wp:featuredmedia":[{"embeddable":true,"href":"https:\/\/grupcharlytrama.com\/jordiquimera\/wp-json\/wp\/v2\/media\/512"}],"wp:attachment":[{"href":"https:\/\/grupcharlytrama.com\/jordiquimera\/wp-json\/wp\/v2\/media?parent=256"}],"curies":[{"name":"wp","href":"https:\/\/api.w.org\/{rel}","templated":true}]}}