{"id":263,"date":"2024-09-25T10:46:40","date_gmt":"2024-09-25T08:46:40","guid":{"rendered":"https:\/\/grupcharlytrama.com\/jordiquimera\/?page_id=263"},"modified":"2025-08-13T15:43:34","modified_gmt":"2025-08-13T13:43:34","slug":"magiaherido","status":"publish","type":"page","link":"https:\/\/grupcharlytrama.com\/jordiquimera\/es\/magiaherido\/","title":{"rendered":"Magiaherido"},"content":{"rendered":"\n<div class=\"wp-block-cover alignfull is-light\"><span aria-hidden=\"true\" class=\"wp-block-cover__background has-background-dim-0 has-background-dim\" style=\"background-color:#292929\"><\/span><img loading=\"lazy\" decoding=\"async\" width=\"1810\" height=\"2560\" sizes=\"(max-width: 799px) 200vw,(max-width: 1810px) 100vw,1810px\" class=\"wp-block-cover__image-background wp-image-364\" alt=\"\" src=\"http:\/\/grupcharlytrama.com\/jordiquimera\/wp-content\/uploads\/sites\/2\/2025\/08\/Fons-fum-scaled.jpg\" style=\"object-position:50% 100%\" data-object-fit=\"cover\" data-object-position=\"50% 100%\" srcset=\"https:\/\/grupcharlytrama.com\/jordiquimera\/wp-content\/uploads\/sites\/2\/2025\/08\/Fons-fum-scaled.jpg 1810w, https:\/\/grupcharlytrama.com\/jordiquimera\/wp-content\/uploads\/sites\/2\/2025\/08\/Fons-fum-212x300.jpg 212w, https:\/\/grupcharlytrama.com\/jordiquimera\/wp-content\/uploads\/sites\/2\/2025\/08\/Fons-fum-724x1024.jpg 724w, https:\/\/grupcharlytrama.com\/jordiquimera\/wp-content\/uploads\/sites\/2\/2025\/08\/Fons-fum-2000x2829.jpg 2000w\" \/><div class=\"wp-block-cover__inner-container has-global-padding is-layout-constrained wp-block-cover-is-layout-constrained\">\n<div style=\"height:10px\" aria-hidden=\"true\" class=\"wp-block-spacer\"><\/div>\n\n\n\n<figure class=\"wp-block-image aligncenter size-large is-resized\"><img loading=\"lazy\" decoding=\"async\" width=\"1024\" height=\"414\" src=\"http:\/\/grupcharlytrama.com\/jordiquimera\/wp-content\/uploads\/sites\/2\/2025\/08\/Magiaherido_typo-1024x414.png\" alt=\"\" class=\"wp-image-518\" style=\"width:317px;height:auto\" srcset=\"https:\/\/grupcharlytrama.com\/jordiquimera\/wp-content\/uploads\/sites\/2\/2025\/08\/Magiaherido_typo-1024x414.png 1024w, https:\/\/grupcharlytrama.com\/jordiquimera\/wp-content\/uploads\/sites\/2\/2025\/08\/Magiaherido_typo-300x121.png 300w, https:\/\/grupcharlytrama.com\/jordiquimera\/wp-content\/uploads\/sites\/2\/2025\/08\/Magiaherido_typo-2000x808.png 2000w\" sizes=\"(max-width: 1024px) 100vw, 1024px\" \/><\/figure>\n\n\n\n<div style=\"height:31px\" aria-hidden=\"true\" class=\"wp-block-spacer\"><\/div>\n\n\n\n<div class=\"wp-block-columns is-layout-flex wp-container-core-columns-is-layout-1 wp-block-columns-is-layout-flex\">\n<div class=\"wp-block-column is-layout-flow wp-block-column-is-layout-flow\" style=\"padding-right:0;padding-left:0\">\n<div style=\"height:18px\" aria-hidden=\"true\" class=\"wp-block-spacer\"><\/div>\n\n\n\n<figure class=\"wp-block-embed is-type-video is-provider-youtube wp-block-embed-youtube wp-embed-aspect-16-9 wp-has-aspect-ratio\" style=\"margin-right:0;margin-left:0\"><div class=\"wp-block-embed__wrapper\">\n<iframe loading=\"lazy\" title=\"Jordi Quimera \u2013 Magiaferit (2025) | Magic Show Reel\" width=\"950\" height=\"534\" src=\"https:\/\/www.youtube.com\/embed\/ZnGOkQUEG6c?feature=oembed\" frameborder=\"0\" allow=\"accelerometer; autoplay; clipboard-write; encrypted-media; gyroscope; picture-in-picture; web-share\" referrerpolicy=\"strict-origin-when-cross-origin\" allowfullscreen><\/iframe>\n<\/div><\/figure>\n<\/div>\n\n\n\n<div class=\"wp-block-column is-vertically-aligned-center is-layout-flow wp-block-column-is-layout-flow\" style=\"padding-right:var(--wp--preset--spacing--x-small);padding-left:var(--wp--preset--spacing--x-small)\">\n<h2 class=\"wp-block-heading has-text-align-center has-montserrat-font-family\">Se vive, se r\u00ede y se <mark style=\"background-color:rgba(0, 0, 0, 0)\" class=\"has-inline-color has-secondary-color\">recuerda<\/mark>.<\/h2>\n\n\n\n<p class=\"has-text-align-center has-medium-font-size\" style=\"margin-right:var(--wp--preset--spacing--x-small);margin-left:var(--wp--preset--spacing--x-small)\"><mark style=\"background-color:rgba(0, 0, 0, 0)\" class=\"has-inline-color has-secondary-color\">Magiaherido<\/mark> es un espect\u00e1culo de magia y humor con ritmo, personalidad y mucha alma.<br><mark style=\"background-color:rgba(0, 0, 0, 0)\" class=\"has-inline-color has-secondary-color\">Jordi Quimera<\/mark> combina ilusiones visuales, canciones en directo y participaci\u00f3n del p\u00fablico en una propuesta vers\u00e1til y pensada para sorprender y hacer re\u00edr a grandes y peque\u00f1os.<\/p>\n<\/div>\n<\/div>\n\n\n\n<div style=\"height:33px\" aria-hidden=\"true\" class=\"wp-block-spacer\"><\/div>\n\n\n\n<div class=\"wp-block-buttons is-content-justification-center is-layout-flex wp-container-core-buttons-is-layout-1 wp-block-buttons-is-layout-flex\">\n<div class=\"wp-block-button is-style-fill\"><a class=\"wp-block-button__link has-secondary-background-color has-background wp-element-button\" href=\"http:\/\/grupcharlytrama.com\/jordiquimera\/wp-content\/uploads\/sites\/2\/2025\/08\/De_Magiaherido_2026.pdf\" style=\"border-radius:10px\" target=\"_blank\" rel=\"noreferrer noopener\">DOSSIER<\/a><\/div>\n\n\n\n<div class=\"wp-block-button is-style-fill\"><a class=\"wp-block-button__link has-background wp-element-button\" href=\"https:\/\/www.dropbox.com\/scl\/fi\/lirj76fokx1aw1r91crwe\/M_Magiaferit.zip?rlkey=drv6ygjganpsq1o9k5ufddr0u&amp;st=jwfikk3q&amp;dl=0\" style=\"border-radius:10px;background-color:#0f737b\" target=\"_blank\" rel=\"noreferrer noopener\">DESCARGAS<\/a><\/div>\n\n\n\n<div class=\"wp-block-button is-style-fill\"><a class=\"wp-block-button__link has-background wp-element-button\" href=\"http:\/\/grupcharlytrama.com\/jordiquimera\/wp-content\/uploads\/sites\/2\/2025\/08\/Magiaherido_poster-scaled.jpg\" style=\"border-radius:10px;background-color:#0f7b4d\" target=\"_blank\" rel=\"noreferrer noopener\">CARTEL<\/a><\/div>\n<\/div>\n\n\n\n<div style=\"height:51px\" aria-hidden=\"true\" class=\"wp-block-spacer\"><\/div>\n\n\n\n<div class=\"wp-block-columns is-layout-flex wp-container-core-columns-is-layout-2 wp-block-columns-is-layout-flex\">\n<div class=\"wp-block-column is-layout-flow wp-block-column-is-layout-flow\" style=\"--col-width:66.66%;flex-basis:66.66%\">\n<h2 class=\"wp-block-heading has-x-large-font-size tw-block-animation tw-animation-fade-in-up\">SINOPSIS<\/h2>\n\n\n\n<p class=\"tw-block-animation tw-animation-fade-in-up\">Hay quien es letraherido. Otros, m\u00fasicaheridos. <mark style=\"background-color:rgba(0, 0, 0, 0)\" class=\"has-inline-color has-secondary-color\">Jordi Quimera<\/mark> es magiaherido: herido de magia hasta los huesos. Y eso se nota en cada gesto, cada palabra y cada imposibilidad que cobra vida sobre el escenario.<\/p>\n\n\n\n<p class=\"tw-block-animation tw-animation-fade-in-up\"><mark style=\"background-color:rgba(0, 0, 0, 0)\" class=\"has-inline-color has-secondary-color\">Magiaherido<\/mark> es mucho m\u00e1s que un espect\u00e1culo de magia. Es un viaje lleno de sorpresas, risas y momentos de piel de gallina. Una propuesta que combina grandes efectos de ilusionismo con humor genuino, ritmo esc\u00e9nico y una conexi\u00f3n \u00fanica con el p\u00fablico.<\/p>\n\n\n\n<p class=\"tw-block-animation tw-animation-fade-in-up\">Y todo, con el sello inconfundible de <mark style=\"background-color:rgba(0, 0, 0, 0)\" class=\"has-inline-color has-secondary-color\">Jordi Quimera<\/mark>.<\/p>\n<\/div>\n\n\n\n<div class=\"wp-block-column is-layout-flow wp-block-column-is-layout-flow\" style=\"--col-width:33.33%;flex-basis:33.33%\">\n<h2 class=\"wp-block-heading has-text-align-right has-x-large-font-size tw-block-animation tw-animation-fade-in-up\">LOS DATOS<\/h2>\n\n\n\n<p class=\"has-text-align-right tw-block-animation tw-animation-fade-in-up\" style=\"margin-top:0;margin-bottom:0\"><mark style=\"background-color:rgba(0, 0, 0, 0);color:#930202\" class=\"has-inline-color\">Formato:<\/mark> Interior \/ Exterior<\/p>\n\n\n\n<p class=\"has-text-align-right tw-mt-0 tw-block-animation tw-animation-fade-in-up\" style=\"margin-top:0;margin-bottom:0\"><mark style=\"background-color:rgba(0, 0, 0, 0);color:#930202\" class=\"has-inline-color\">G\u00e9nero:<\/mark> Ilusionismo.<\/p>\n\n\n\n<p class=\"has-text-align-right tw-mt-0 tw-block-animation tw-animation-fade-in-up\" style=\"margin-top:0;margin-bottom:0\"><mark style=\"background-color:rgba(0, 0, 0, 0);color:#930202\" class=\"has-inline-color\">P\u00fablico: <\/mark>Para todos los p\u00fablicos.<\/p>\n\n\n\n<p class=\"has-text-align-right tw-mt-0 tw-block-animation tw-animation-fade-in-up\" style=\"margin-top:0;margin-bottom:0\"><mark style=\"background-color:rgba(0, 0, 0, 0);color:#930202\" class=\"has-inline-color\">Duraci\u00f3n: <\/mark>55 min.<\/p>\n\n\n\n<p class=\"has-text-align-right tw-mt-0 tw-block-animation tw-animation-fade-in-up\" style=\"margin-top:0;margin-bottom:0;padding-top:0;padding-bottom:0\"><mark style=\"background-color:rgba(0, 0, 0, 0);color:#930202\" class=\"has-inline-color\">Idioma:<\/mark> Catal\u00e1n y castellano.<\/p>\n<\/div>\n<\/div>\n\n\n\n<div style=\"height:51px\" aria-hidden=\"true\" class=\"wp-block-spacer\"><\/div>\n\n\n\n<figure class=\"wp-block-gallery has-nested-images columns-default is-cropped wp-block-gallery-1 is-layout-flex wp-block-gallery-is-layout-flex\">\n<figure data-wp-context=\"{&quot;uploadedSrc&quot;:&quot;https:\\\/\\\/grupcharlytrama.com\\\/jordiquimera\\\/wp-content\\\/uploads\\\/sites\\\/2\\\/2024\\\/09\\\/02_Magiaferit-copia-min.jpg&quot;,&quot;figureClassNames&quot;:&quot;wp-block-image size-large&quot;,&quot;figureStyles&quot;:null,&quot;imgClassNames&quot;:&quot;wp-image-209&quot;,&quot;imgStyles&quot;:null,&quot;targetWidth&quot;:2000,&quot;targetHeight&quot;:1333,&quot;scaleAttr&quot;:false,&quot;ariaLabel&quot;:&quot;Amplia la imatge&quot;,&quot;alt&quot;:&quot;&quot;}\" data-wp-interactive=\"core\/image\" class=\"wp-block-image size-large wp-lightbox-container\"><img loading=\"lazy\" decoding=\"async\" width=\"1024\" height=\"682\" data-wp-init=\"callbacks.setButtonStyles\" data-wp-on-async--click=\"actions.showLightbox\" data-wp-on-async--load=\"callbacks.setButtonStyles\" data-wp-on-async-window--resize=\"callbacks.setButtonStyles\" src=\"http:\/\/grupcharlytrama.com\/jordiquimera\/wp-content\/uploads\/sites\/2\/2024\/09\/02_Magiaferit-copia-min-1024x682.jpg\" alt=\"\" class=\"wp-image-209\" srcset=\"https:\/\/grupcharlytrama.com\/jordiquimera\/wp-content\/uploads\/sites\/2\/2024\/09\/02_Magiaferit-copia-min-1024x682.jpg 1024w, https:\/\/grupcharlytrama.com\/jordiquimera\/wp-content\/uploads\/sites\/2\/2024\/09\/02_Magiaferit-copia-min-300x200.jpg 300w, https:\/\/grupcharlytrama.com\/jordiquimera\/wp-content\/uploads\/sites\/2\/2024\/09\/02_Magiaferit-copia-min-1536x1024.jpg 1536w, https:\/\/grupcharlytrama.com\/jordiquimera\/wp-content\/uploads\/sites\/2\/2024\/09\/02_Magiaferit-copia-min.jpg 2000w\" sizes=\"(max-width: 1024px) 100vw, 1024px\" \/><button\n\t\t\tclass=\"lightbox-trigger\"\n\t\t\ttype=\"button\"\n\t\t\taria-haspopup=\"dialog\"\n\t\t\taria-label=\"Amplia la imatge\"\n\t\t\tdata-wp-init=\"callbacks.initTriggerButton\"\n\t\t\tdata-wp-on-async--click=\"actions.showLightbox\"\n\t\t\tdata-wp-style--right=\"context.imageButtonRight\"\n\t\t\tdata-wp-style--top=\"context.imageButtonTop\"\n\t\t>\n\t\t\t<svg xmlns=\"http:\/\/www.w3.org\/2000\/svg\" width=\"12\" height=\"12\" fill=\"none\" viewBox=\"0 0 12 12\">\n\t\t\t\t<path fill=\"#fff\" d=\"M2 0a2 2 0 0 0-2 2v2h1.5V2a.5.5 0 0 1 .5-.5h2V0H2Zm2 10.5H2a.5.5 0 0 1-.5-.5V8H0v2a2 2 0 0 0 2 2h2v-1.5ZM8 12v-1.5h2a.5.5 0 0 0 .5-.5V8H12v2a2 2 0 0 1-2 2H8Zm2-12a2 2 0 0 1 2 2v2h-1.5V2a.5.5 0 0 0-.5-.5H8V0h2Z\" \/>\n\t\t\t<\/svg>\n\t\t<\/button><\/figure>\n\n\n\n<figure data-wp-context=\"{&quot;uploadedSrc&quot;:&quot;https:\\\/\\\/grupcharlytrama.com\\\/jordiquimera\\\/wp-content\\\/uploads\\\/sites\\\/2\\\/2024\\\/09\\\/02_Deliris-copia-min.jpg&quot;,&quot;figureClassNames&quot;:&quot;wp-block-image size-large&quot;,&quot;figureStyles&quot;:null,&quot;imgClassNames&quot;:&quot;wp-image-199&quot;,&quot;imgStyles&quot;:null,&quot;targetWidth&quot;:2000,&quot;targetHeight&quot;:1333,&quot;scaleAttr&quot;:false,&quot;ariaLabel&quot;:&quot;Amplia la imatge&quot;,&quot;alt&quot;:&quot;&quot;}\" data-wp-interactive=\"core\/image\" class=\"wp-block-image size-large wp-lightbox-container\"><img loading=\"lazy\" decoding=\"async\" width=\"1024\" height=\"682\" data-wp-init=\"callbacks.setButtonStyles\" data-wp-on-async--click=\"actions.showLightbox\" data-wp-on-async--load=\"callbacks.setButtonStyles\" data-wp-on-async-window--resize=\"callbacks.setButtonStyles\" src=\"https:\/\/grupcharlytrama.com\/jordiquimera\/wp-content\/uploads\/sites\/2\/2024\/09\/02_Deliris-copia-min-1024x682.jpg\" alt=\"\" class=\"wp-image-199\" srcset=\"https:\/\/grupcharlytrama.com\/jordiquimera\/wp-content\/uploads\/sites\/2\/2024\/09\/02_Deliris-copia-min-1024x682.jpg 1024w, https:\/\/grupcharlytrama.com\/jordiquimera\/wp-content\/uploads\/sites\/2\/2024\/09\/02_Deliris-copia-min-300x200.jpg 300w, https:\/\/grupcharlytrama.com\/jordiquimera\/wp-content\/uploads\/sites\/2\/2024\/09\/02_Deliris-copia-min.jpg 2000w\" sizes=\"(max-width: 1024px) 100vw, 1024px\" \/><button\n\t\t\tclass=\"lightbox-trigger\"\n\t\t\ttype=\"button\"\n\t\t\taria-haspopup=\"dialog\"\n\t\t\taria-label=\"Amplia la imatge\"\n\t\t\tdata-wp-init=\"callbacks.initTriggerButton\"\n\t\t\tdata-wp-on-async--click=\"actions.showLightbox\"\n\t\t\tdata-wp-style--right=\"context.imageButtonRight\"\n\t\t\tdata-wp-style--top=\"context.imageButtonTop\"\n\t\t>\n\t\t\t<svg xmlns=\"http:\/\/www.w3.org\/2000\/svg\" width=\"12\" height=\"12\" fill=\"none\" viewBox=\"0 0 12 12\">\n\t\t\t\t<path fill=\"#fff\" d=\"M2 0a2 2 0 0 0-2 2v2h1.5V2a.5.5 0 0 1 .5-.5h2V0H2Zm2 10.5H2a.5.5 0 0 1-.5-.5V8H0v2a2 2 0 0 0 2 2h2v-1.5ZM8 12v-1.5h2a.5.5 0 0 0 .5-.5V8H12v2a2 2 0 0 1-2 2H8Zm2-12a2 2 0 0 1 2 2v2h-1.5V2a.5.5 0 0 0-.5-.5H8V0h2Z\" \/>\n\t\t\t<\/svg>\n\t\t<\/button><\/figure>\n\n\n\n<figure data-wp-context=\"{&quot;uploadedSrc&quot;:&quot;https:\\\/\\\/grupcharlytrama.com\\\/jordiquimera\\\/wp-content\\\/uploads\\\/sites\\\/2\\\/2024\\\/09\\\/03_Deliris-copia-min.jpg&quot;,&quot;figureClassNames&quot;:&quot;wp-block-image size-large&quot;,&quot;figureStyles&quot;:null,&quot;imgClassNames&quot;:&quot;wp-image-200&quot;,&quot;imgStyles&quot;:null,&quot;targetWidth&quot;:2000,&quot;targetHeight&quot;:1333,&quot;scaleAttr&quot;:false,&quot;ariaLabel&quot;:&quot;Amplia la imatge&quot;,&quot;alt&quot;:&quot;&quot;}\" data-wp-interactive=\"core\/image\" class=\"wp-block-image size-large wp-lightbox-container\"><img loading=\"lazy\" decoding=\"async\" width=\"1024\" height=\"682\" data-wp-init=\"callbacks.setButtonStyles\" data-wp-on-async--click=\"actions.showLightbox\" data-wp-on-async--load=\"callbacks.setButtonStyles\" data-wp-on-async-window--resize=\"callbacks.setButtonStyles\" src=\"https:\/\/grupcharlytrama.com\/jordiquimera\/wp-content\/uploads\/sites\/2\/2024\/09\/03_Deliris-copia-min-1024x682.jpg\" alt=\"\" class=\"wp-image-200\" srcset=\"https:\/\/grupcharlytrama.com\/jordiquimera\/wp-content\/uploads\/sites\/2\/2024\/09\/03_Deliris-copia-min-1024x682.jpg 1024w, https:\/\/grupcharlytrama.com\/jordiquimera\/wp-content\/uploads\/sites\/2\/2024\/09\/03_Deliris-copia-min-300x200.jpg 300w, https:\/\/grupcharlytrama.com\/jordiquimera\/wp-content\/uploads\/sites\/2\/2024\/09\/03_Deliris-copia-min.jpg 2000w\" sizes=\"(max-width: 1024px) 100vw, 1024px\" \/><button\n\t\t\tclass=\"lightbox-trigger\"\n\t\t\ttype=\"button\"\n\t\t\taria-haspopup=\"dialog\"\n\t\t\taria-label=\"Amplia la imatge\"\n\t\t\tdata-wp-init=\"callbacks.initTriggerButton\"\n\t\t\tdata-wp-on-async--click=\"actions.showLightbox\"\n\t\t\tdata-wp-style--right=\"context.imageButtonRight\"\n\t\t\tdata-wp-style--top=\"context.imageButtonTop\"\n\t\t>\n\t\t\t<svg xmlns=\"http:\/\/www.w3.org\/2000\/svg\" width=\"12\" height=\"12\" fill=\"none\" viewBox=\"0 0 12 12\">\n\t\t\t\t<path fill=\"#fff\" d=\"M2 0a2 2 0 0 0-2 2v2h1.5V2a.5.5 0 0 1 .5-.5h2V0H2Zm2 10.5H2a.5.5 0 0 1-.5-.5V8H0v2a2 2 0 0 0 2 2h2v-1.5ZM8 12v-1.5h2a.5.5 0 0 0 .5-.5V8H12v2a2 2 0 0 1-2 2H8Zm2-12a2 2 0 0 1 2 2v2h-1.5V2a.5.5 0 0 0-.5-.5H8V0h2Z\" \/>\n\t\t\t<\/svg>\n\t\t<\/button><\/figure>\n\n\n\n<figure data-wp-context=\"{&quot;uploadedSrc&quot;:&quot;https:\\\/\\\/grupcharlytrama.com\\\/jordiquimera\\\/wp-content\\\/uploads\\\/sites\\\/2\\\/2024\\\/09\\\/04_Deliris-copia-min.jpg&quot;,&quot;figureClassNames&quot;:&quot;wp-block-image size-large&quot;,&quot;figureStyles&quot;:null,&quot;imgClassNames&quot;:&quot;wp-image-201&quot;,&quot;imgStyles&quot;:null,&quot;targetWidth&quot;:2000,&quot;targetHeight&quot;:1333,&quot;scaleAttr&quot;:false,&quot;ariaLabel&quot;:&quot;Amplia la imatge&quot;,&quot;alt&quot;:&quot;&quot;}\" data-wp-interactive=\"core\/image\" class=\"wp-block-image size-large wp-lightbox-container\"><img loading=\"lazy\" decoding=\"async\" width=\"1024\" height=\"682\" data-wp-init=\"callbacks.setButtonStyles\" data-wp-on-async--click=\"actions.showLightbox\" data-wp-on-async--load=\"callbacks.setButtonStyles\" data-wp-on-async-window--resize=\"callbacks.setButtonStyles\" src=\"https:\/\/grupcharlytrama.com\/jordiquimera\/wp-content\/uploads\/sites\/2\/2024\/09\/04_Deliris-copia-min-1024x682.jpg\" alt=\"\" class=\"wp-image-201\" srcset=\"https:\/\/grupcharlytrama.com\/jordiquimera\/wp-content\/uploads\/sites\/2\/2024\/09\/04_Deliris-copia-min-1024x682.jpg 1024w, https:\/\/grupcharlytrama.com\/jordiquimera\/wp-content\/uploads\/sites\/2\/2024\/09\/04_Deliris-copia-min-300x200.jpg 300w, https:\/\/grupcharlytrama.com\/jordiquimera\/wp-content\/uploads\/sites\/2\/2024\/09\/04_Deliris-copia-min.jpg 2000w\" sizes=\"(max-width: 1024px) 100vw, 1024px\" \/><button\n\t\t\tclass=\"lightbox-trigger\"\n\t\t\ttype=\"button\"\n\t\t\taria-haspopup=\"dialog\"\n\t\t\taria-label=\"Amplia la imatge\"\n\t\t\tdata-wp-init=\"callbacks.initTriggerButton\"\n\t\t\tdata-wp-on-async--click=\"actions.showLightbox\"\n\t\t\tdata-wp-style--right=\"context.imageButtonRight\"\n\t\t\tdata-wp-style--top=\"context.imageButtonTop\"\n\t\t>\n\t\t\t<svg xmlns=\"http:\/\/www.w3.org\/2000\/svg\" width=\"12\" height=\"12\" fill=\"none\" viewBox=\"0 0 12 12\">\n\t\t\t\t<path fill=\"#fff\" d=\"M2 0a2 2 0 0 0-2 2v2h1.5V2a.5.5 0 0 1 .5-.5h2V0H2Zm2 10.5H2a.5.5 0 0 1-.5-.5V8H0v2a2 2 0 0 0 2 2h2v-1.5ZM8 12v-1.5h2a.5.5 0 0 0 .5-.5V8H12v2a2 2 0 0 1-2 2H8Zm2-12a2 2 0 0 1 2 2v2h-1.5V2a.5.5 0 0 0-.5-.5H8V0h2Z\" \/>\n\t\t\t<\/svg>\n\t\t<\/button><\/figure>\n\n\n\n<figure data-wp-context=\"{&quot;uploadedSrc&quot;:&quot;https:\\\/\\\/grupcharlytrama.com\\\/jordiquimera\\\/wp-content\\\/uploads\\\/sites\\\/2\\\/2024\\\/09\\\/05_Deliris-min.jpg&quot;,&quot;figureClassNames&quot;:&quot;wp-block-image size-large&quot;,&quot;figureStyles&quot;:null,&quot;imgClassNames&quot;:&quot;wp-image-202&quot;,&quot;imgStyles&quot;:null,&quot;targetWidth&quot;:2000,&quot;targetHeight&quot;:1333,&quot;scaleAttr&quot;:false,&quot;ariaLabel&quot;:&quot;Amplia la imatge&quot;,&quot;alt&quot;:&quot;&quot;}\" data-wp-interactive=\"core\/image\" class=\"wp-block-image size-large wp-lightbox-container\"><img loading=\"lazy\" decoding=\"async\" width=\"1024\" height=\"682\" data-wp-init=\"callbacks.setButtonStyles\" data-wp-on-async--click=\"actions.showLightbox\" data-wp-on-async--load=\"callbacks.setButtonStyles\" data-wp-on-async-window--resize=\"callbacks.setButtonStyles\" src=\"https:\/\/grupcharlytrama.com\/jordiquimera\/wp-content\/uploads\/sites\/2\/2024\/09\/05_Deliris-min-1024x682.jpg\" alt=\"\" class=\"wp-image-202\" srcset=\"https:\/\/grupcharlytrama.com\/jordiquimera\/wp-content\/uploads\/sites\/2\/2024\/09\/05_Deliris-min-1024x682.jpg 1024w, https:\/\/grupcharlytrama.com\/jordiquimera\/wp-content\/uploads\/sites\/2\/2024\/09\/05_Deliris-min-300x200.jpg 300w, https:\/\/grupcharlytrama.com\/jordiquimera\/wp-content\/uploads\/sites\/2\/2024\/09\/05_Deliris-min-1536x1024.jpg 1536w, https:\/\/grupcharlytrama.com\/jordiquimera\/wp-content\/uploads\/sites\/2\/2024\/09\/05_Deliris-min.jpg 2000w\" sizes=\"(max-width: 1024px) 100vw, 1024px\" \/><button\n\t\t\tclass=\"lightbox-trigger\"\n\t\t\ttype=\"button\"\n\t\t\taria-haspopup=\"dialog\"\n\t\t\taria-label=\"Amplia la imatge\"\n\t\t\tdata-wp-init=\"callbacks.initTriggerButton\"\n\t\t\tdata-wp-on-async--click=\"actions.showLightbox\"\n\t\t\tdata-wp-style--right=\"context.imageButtonRight\"\n\t\t\tdata-wp-style--top=\"context.imageButtonTop\"\n\t\t>\n\t\t\t<svg xmlns=\"http:\/\/www.w3.org\/2000\/svg\" width=\"12\" height=\"12\" fill=\"none\" viewBox=\"0 0 12 12\">\n\t\t\t\t<path fill=\"#fff\" d=\"M2 0a2 2 0 0 0-2 2v2h1.5V2a.5.5 0 0 1 .5-.5h2V0H2Zm2 10.5H2a.5.5 0 0 1-.5-.5V8H0v2a2 2 0 0 0 2 2h2v-1.5ZM8 12v-1.5h2a.5.5 0 0 0 .5-.5V8H12v2a2 2 0 0 1-2 2H8Zm2-12a2 2 0 0 1 2 2v2h-1.5V2a.5.5 0 0 0-.5-.5H8V0h2Z\" \/>\n\t\t\t<\/svg>\n\t\t<\/button><\/figure>\n\n\n\n<figure data-wp-context=\"{&quot;uploadedSrc&quot;:&quot;https:\\\/\\\/grupcharlytrama.com\\\/jordiquimera\\\/wp-content\\\/uploads\\\/sites\\\/2\\\/2024\\\/09\\\/06_Deliris-copia-min.jpg&quot;,&quot;figureClassNames&quot;:&quot;wp-block-image size-large&quot;,&quot;figureStyles&quot;:null,&quot;imgClassNames&quot;:&quot;wp-image-203&quot;,&quot;imgStyles&quot;:null,&quot;targetWidth&quot;:1772,&quot;targetHeight&quot;:1181,&quot;scaleAttr&quot;:false,&quot;ariaLabel&quot;:&quot;Amplia la imatge&quot;,&quot;alt&quot;:&quot;&quot;}\" data-wp-interactive=\"core\/image\" class=\"wp-block-image size-large wp-lightbox-container\"><img loading=\"lazy\" decoding=\"async\" width=\"1024\" height=\"682\" data-wp-init=\"callbacks.setButtonStyles\" data-wp-on-async--click=\"actions.showLightbox\" data-wp-on-async--load=\"callbacks.setButtonStyles\" data-wp-on-async-window--resize=\"callbacks.setButtonStyles\" src=\"https:\/\/grupcharlytrama.com\/jordiquimera\/wp-content\/uploads\/sites\/2\/2024\/09\/06_Deliris-copia-min-1024x682.jpg\" alt=\"\" class=\"wp-image-203\" srcset=\"https:\/\/grupcharlytrama.com\/jordiquimera\/wp-content\/uploads\/sites\/2\/2024\/09\/06_Deliris-copia-min-1024x682.jpg 1024w, https:\/\/grupcharlytrama.com\/jordiquimera\/wp-content\/uploads\/sites\/2\/2024\/09\/06_Deliris-copia-min-300x200.jpg 300w, https:\/\/grupcharlytrama.com\/jordiquimera\/wp-content\/uploads\/sites\/2\/2024\/09\/06_Deliris-copia-min-1536x1024.jpg 1536w, https:\/\/grupcharlytrama.com\/jordiquimera\/wp-content\/uploads\/sites\/2\/2024\/09\/06_Deliris-copia-min.jpg 1772w\" sizes=\"(max-width: 1024px) 100vw, 1024px\" \/><button\n\t\t\tclass=\"lightbox-trigger\"\n\t\t\ttype=\"button\"\n\t\t\taria-haspopup=\"dialog\"\n\t\t\taria-label=\"Amplia la imatge\"\n\t\t\tdata-wp-init=\"callbacks.initTriggerButton\"\n\t\t\tdata-wp-on-async--click=\"actions.showLightbox\"\n\t\t\tdata-wp-style--right=\"context.imageButtonRight\"\n\t\t\tdata-wp-style--top=\"context.imageButtonTop\"\n\t\t>\n\t\t\t<svg xmlns=\"http:\/\/www.w3.org\/2000\/svg\" width=\"12\" height=\"12\" fill=\"none\" viewBox=\"0 0 12 12\">\n\t\t\t\t<path fill=\"#fff\" d=\"M2 0a2 2 0 0 0-2 2v2h1.5V2a.5.5 0 0 1 .5-.5h2V0H2Zm2 10.5H2a.5.5 0 0 1-.5-.5V8H0v2a2 2 0 0 0 2 2h2v-1.5ZM8 12v-1.5h2a.5.5 0 0 0 .5-.5V8H12v2a2 2 0 0 1-2 2H8Zm2-12a2 2 0 0 1 2 2v2h-1.5V2a.5.5 0 0 0-.5-.5H8V0h2Z\" \/>\n\t\t\t<\/svg>\n\t\t<\/button><\/figure>\n<\/figure>\n\n\n\n<div style=\"height:46px\" aria-hidden=\"true\" class=\"wp-block-spacer\"><\/div>\n<\/div><\/div>\n","protected":false},"excerpt":{"rendered":"","protected":false},"author":1,"featured_media":511,"parent":0,"menu_order":0,"comment_status":"closed","ping_status":"closed","template":"","meta":{"_eb_attr":"","footnotes":""},"class_list":["post-263","page","type-page","status-publish","has-post-thumbnail","hentry"],"_links":{"self":[{"href":"https:\/\/grupcharlytrama.com\/jordiquimera\/wp-json\/wp\/v2\/pages\/263"}],"collection":[{"href":"https:\/\/grupcharlytrama.com\/jordiquimera\/wp-json\/wp\/v2\/pages"}],"about":[{"href":"https:\/\/grupcharlytrama.com\/jordiquimera\/wp-json\/wp\/v2\/types\/page"}],"author":[{"embeddable":true,"href":"https:\/\/grupcharlytrama.com\/jordiquimera\/wp-json\/wp\/v2\/users\/1"}],"replies":[{"embeddable":true,"href":"https:\/\/grupcharlytrama.com\/jordiquimera\/wp-json\/wp\/v2\/comments?post=263"}],"version-history":[{"count":14,"href":"https:\/\/grupcharlytrama.com\/jordiquimera\/wp-json\/wp\/v2\/pages\/263\/revisions"}],"predecessor-version":[{"id":1002,"href":"https:\/\/grupcharlytrama.com\/jordiquimera\/wp-json\/wp\/v2\/pages\/263\/revisions\/1002"}],"wp:featuredmedia":[{"embeddable":true,"href":"https:\/\/grupcharlytrama.com\/jordiquimera\/wp-json\/wp\/v2\/media\/511"}],"wp:attachment":[{"href":"https:\/\/grupcharlytrama.com\/jordiquimera\/wp-json\/wp\/v2\/media?parent=263"}],"curies":[{"name":"wp","href":"https:\/\/api.w.org\/{rel}","templated":true}]}}