{"id":398,"date":"2025-08-10T18:23:32","date_gmt":"2025-08-10T16:23:32","guid":{"rendered":"https:\/\/grupcharlytrama.com\/jordiquimera\/?page_id=398"},"modified":"2025-08-12T15:47:46","modified_gmt":"2025-08-12T13:47:46","slug":"espectacles","status":"publish","type":"page","link":"https:\/\/grupcharlytrama.com\/jordiquimera\/espectacles\/","title":{"rendered":"Espectacles"},"content":{"rendered":"\n<div class=\"wp-block-cover alignfull is-light\"><span aria-hidden=\"true\" class=\"wp-block-cover__background has-background-dim\" style=\"background-color:#fafafa\"><\/span><img loading=\"lazy\" decoding=\"async\" width=\"1810\" height=\"2560\" sizes=\"(max-width: 799px) 200vw,(max-width: 1810px) 100vw,1810px\" class=\"wp-block-cover__image-background wp-image-364\" alt=\"\" src=\"https:\/\/grupcharlytrama.com\/jordiquimera\/wp-content\/uploads\/sites\/2\/2025\/08\/Fons-fum-scaled.jpg\" style=\"object-position:50% 100%\" data-object-fit=\"cover\" data-object-position=\"50% 100%\" srcset=\"https:\/\/grupcharlytrama.com\/jordiquimera\/wp-content\/uploads\/sites\/2\/2025\/08\/Fons-fum-scaled.jpg 1810w, https:\/\/grupcharlytrama.com\/jordiquimera\/wp-content\/uploads\/sites\/2\/2025\/08\/Fons-fum-212x300.jpg 212w, https:\/\/grupcharlytrama.com\/jordiquimera\/wp-content\/uploads\/sites\/2\/2025\/08\/Fons-fum-724x1024.jpg 724w, https:\/\/grupcharlytrama.com\/jordiquimera\/wp-content\/uploads\/sites\/2\/2025\/08\/Fons-fum-2000x2829.jpg 2000w\" \/><div class=\"wp-block-cover__inner-container has-global-padding is-layout-constrained wp-block-cover-is-layout-constrained\">\n<h1 class=\"wp-block-heading has-text-align-center has-x-large-font-size\">ESPECTACLES<\/h1>\n\n\n\n<div class=\"wp-block-columns is-layout-flex wp-container-core-columns-is-layout-3 wp-block-columns-is-layout-flex\">\n<div class=\"wp-block-column is-layout-flow wp-block-column-is-layout-flow\">\n<div class=\"wp-block-columns is-layout-flex wp-container-core-columns-is-layout-1 wp-block-columns-is-layout-flex\">\n<div class=\"wp-block-column is-layout-flow wp-block-column-is-layout-flow\">\n<div class=\"wp-block-flipbox-flipbox-block\"><div class=\"eb-parent-wrapper eb-parent-eb-flipbox-eq6rl eb_animation eb___animated eb___rubberBand\"><div class=\"eb-flipbox-container eb-flipbox-eq6rl eb-flipbox-align-center eb-hover-mode\" data-id=\"eb-flipbox-eq6rl\" data-flip-type=\"flip-up\" data-flip-mode=\"hover\"><div class=\"eb-flipper flip-up\"><div class=\"eb-flipbox-front\"><div class=\"eb-flipbox-items-container\"><\/div><\/div><div class=\"eb-flipbox-back\" onclick=\"window.location='magic-hall'\"><div class=\"eb-flipbox-items-container\"><div class=\"eb-flipbox-back-title-wrapper\"><h3 class=\"eb-flipbox-back-title\">MAGIC HALL<\/h3><\/div><div class=\"eb-flipbox-back-content-wrapper\"><p class=\"eb-flipbox-back-content\">Espectacle de gran format per a Teatres.<br><br><br><br>( M\u00c9S INFORMACI\u00d3 )<\/p><\/div><\/div><\/div><\/div><\/div><\/div><\/div>\n<\/div>\n\n\n\n<div class=\"wp-block-column is-layout-flow wp-block-column-is-layout-flow\">\n<div class=\"wp-block-flipbox-flipbox-block\"><div class=\"eb-parent-wrapper eb-parent-eb-flipbox-wiz93 eb_animation eb___animated eb___rubberBand\"><div class=\"eb-flipbox-container eb-flipbox-wiz93 eb-flipbox-align-center eb-hover-mode\" data-id=\"eb-flipbox-wiz93\" data-flip-type=\"flip-up\" data-flip-mode=\"hover\"><div class=\"eb-flipper flip-up\"><div class=\"eb-flipbox-front\"><div class=\"eb-flipbox-items-container\"><\/div><\/div><div class=\"eb-flipbox-back\" onclick=\"window.location='live'\"><div class=\"eb-flipbox-items-container\"><div class=\"eb-flipbox-back-title-wrapper\"><h3 class=\"eb-flipbox-back-title\">JORDI QUIMERA LIVE!<\/h3><\/div><div class=\"eb-flipbox-back-content-wrapper\"><p class=\"eb-flipbox-back-content\">Espectacle de gran format tot terreny per a grans celebracions,  Festes Majors i Teatres.<br><br><br><br>( M\u00c9S INFORMACI\u00d3 )<\/p><\/div><\/div><\/div><\/div><\/div><\/div><\/div>\n<\/div>\n<\/div>\n<\/div>\n\n\n\n<div class=\"wp-block-column is-layout-flow wp-block-column-is-layout-flow\">\n<div class=\"wp-block-columns is-layout-flex wp-container-core-columns-is-layout-2 wp-block-columns-is-layout-flex\">\n<div class=\"wp-block-column is-layout-flow wp-block-column-is-layout-flow\">\n<div class=\"wp-block-flipbox-flipbox-block\"><div class=\"eb-parent-wrapper eb-parent-eb-flipbox-okt6q eb_animation eb___animated eb___rubberBand\"><div class=\"eb-flipbox-container eb-flipbox-okt6q eb-flipbox-align-center eb-hover-mode\" data-id=\"eb-flipbox-okt6q\" data-flip-type=\"flip-up\" data-flip-mode=\"hover\"><div class=\"eb-flipper flip-up\"><div class=\"eb-flipbox-front\"><div class=\"eb-flipbox-items-container\"><\/div><\/div><div class=\"eb-flipbox-back\" onclick=\"window.location='magiaferit'\"><div class=\"eb-flipbox-items-container\"><div class=\"eb-flipbox-back-title-wrapper\"><h3 class=\"eb-flipbox-back-title\">magiaferit<\/h3><\/div><div class=\"eb-flipbox-back-content-wrapper\"><p class=\"eb-flipbox-back-content\">Espectacle unipersonal de m\u00e0gia i humor amb ritme, personalitat i molta \u00e0nima.<br><br><br><br>( M\u00c9S INFORMACI\u00d3 )<\/p><\/div><\/div><\/div><\/div><\/div><\/div><\/div>\n<\/div>\n\n\n\n<div class=\"wp-block-column is-layout-flow wp-block-column-is-layout-flow\">\n<div class=\"wp-block-flipbox-flipbox-block\"><div class=\"eb-parent-wrapper eb-parent-eb-flipbox-igb43 eb_animation eb___animated eb___rubberBand\"><div class=\"eb-flipbox-container eb-flipbox-igb43 eb-flipbox-align-center eb-hover-mode\" data-id=\"eb-flipbox-igb43\" data-flip-type=\"flip-up\" data-flip-mode=\"hover\"><div class=\"eb-flipper flip-up\"><div class=\"eb-flipbox-front\"><div class=\"eb-flipbox-items-container\"><\/div><\/div><div class=\"eb-flipbox-back\" onclick=\"window.location='petitesquimeres'\"><div class=\"eb-flipbox-items-container\"><div class=\"eb-flipbox-back-title-wrapper\"><h3 class=\"eb-flipbox-back-title\">petites quimeres<\/h3><\/div><div class=\"eb-flipbox-back-content-wrapper\"><p class=\"eb-flipbox-back-content\">Sessi\u00f3 m\u00e0gica a mida, pensada per sorprendre en espais ins\u00f2lits.<br><br><br><br>( M\u00c9S INFORMACI\u00d3 )<\/p><\/div><\/div><\/div><\/div><\/div><\/div><\/div>\n<\/div>\n<\/div>\n<\/div>\n<\/div>\n\n\n\n<div style=\"height:75px\" aria-hidden=\"true\" class=\"wp-block-spacer\"><\/div>\n\n\n\n<h2 class=\"wp-block-heading has-text-align-center has-montserrat-font-family\">Vols portar la m\u00e0gia al teu <mark style=\"background-color:rgba(0, 0, 0, 0)\" class=\"has-inline-color has-secondary-color\">escenari<\/mark>? Descobreix quin espectacle \u00e9s per a tu.<\/h2>\n\n\n\n<div style=\"height:22px\" aria-hidden=\"true\" class=\"wp-block-spacer\"><\/div>\n\n\n\n<div class=\"wp-block-buttons is-content-justification-center is-layout-flex wp-container-core-buttons-is-layout-1 wp-block-buttons-is-layout-flex\">\n<div class=\"wp-block-button is-style-fill\"><a class=\"wp-block-button__link has-background wp-element-button\" href=\"https:\/\/grupcharlytrama.com\/jordiquimera\/contacte\/\" style=\"border-radius:10px;background-color:#0f737b\">Contacta&#8217;ns<\/a><\/div>\n<\/div>\n\n\n\n<div style=\"height:53px\" aria-hidden=\"true\" class=\"wp-block-spacer\"><\/div>\n<\/div><\/div>\n","protected":false},"excerpt":{"rendered":"","protected":false},"author":1,"featured_media":41,"parent":0,"menu_order":0,"comment_status":"closed","ping_status":"closed","template":"","meta":{"_eb_attr":"","footnotes":""},"class_list":["post-398","page","type-page","status-publish","has-post-thumbnail","hentry"],"_links":{"self":[{"href":"https:\/\/grupcharlytrama.com\/jordiquimera\/wp-json\/wp\/v2\/pages\/398"}],"collection":[{"href":"https:\/\/grupcharlytrama.com\/jordiquimera\/wp-json\/wp\/v2\/pages"}],"about":[{"href":"https:\/\/grupcharlytrama.com\/jordiquimera\/wp-json\/wp\/v2\/types\/page"}],"author":[{"embeddable":true,"href":"https:\/\/grupcharlytrama.com\/jordiquimera\/wp-json\/wp\/v2\/users\/1"}],"replies":[{"embeddable":true,"href":"https:\/\/grupcharlytrama.com\/jordiquimera\/wp-json\/wp\/v2\/comments?post=398"}],"version-history":[{"count":11,"href":"https:\/\/grupcharlytrama.com\/jordiquimera\/wp-json\/wp\/v2\/pages\/398\/revisions"}],"predecessor-version":[{"id":886,"href":"https:\/\/grupcharlytrama.com\/jordiquimera\/wp-json\/wp\/v2\/pages\/398\/revisions\/886"}],"wp:featuredmedia":[{"embeddable":true,"href":"https:\/\/grupcharlytrama.com\/jordiquimera\/wp-json\/wp\/v2\/media\/41"}],"wp:attachment":[{"href":"https:\/\/grupcharlytrama.com\/jordiquimera\/wp-json\/wp\/v2\/media?parent=398"}],"curies":[{"name":"wp","href":"https:\/\/api.w.org\/{rel}","templated":true}]}}