{"id":586,"date":"2025-08-11T17:46:52","date_gmt":"2025-08-11T15:46:52","guid":{"rendered":"https:\/\/grupcharlytrama.com\/jordiquimera\/?page_id=586"},"modified":"2025-08-12T12:59:34","modified_gmt":"2025-08-12T10:59:34","slug":"contacto","status":"publish","type":"page","link":"https:\/\/grupcharlytrama.com\/jordiquimera\/es\/contacto\/","title":{"rendered":"Contacto"},"content":{"rendered":"\n<div class=\"wp-block-cover alignfull is-light\"><span aria-hidden=\"true\" class=\"wp-block-cover__background has-background-dim\" style=\"background-color:#fafafa\"><\/span><img loading=\"lazy\" decoding=\"async\" width=\"1810\" height=\"2560\" sizes=\"(max-width: 799px) 200vw,(max-width: 1810px) 100vw,1810px\" class=\"wp-block-cover__image-background wp-image-364\" alt=\"\" src=\"https:\/\/grupcharlytrama.com\/jordiquimera\/wp-content\/uploads\/sites\/2\/2025\/08\/Fons-fum-scaled.jpg\" style=\"object-position:50% 100%\" data-object-fit=\"cover\" data-object-position=\"50% 100%\" srcset=\"https:\/\/grupcharlytrama.com\/jordiquimera\/wp-content\/uploads\/sites\/2\/2025\/08\/Fons-fum-scaled.jpg 1810w, https:\/\/grupcharlytrama.com\/jordiquimera\/wp-content\/uploads\/sites\/2\/2025\/08\/Fons-fum-212x300.jpg 212w, https:\/\/grupcharlytrama.com\/jordiquimera\/wp-content\/uploads\/sites\/2\/2025\/08\/Fons-fum-724x1024.jpg 724w, https:\/\/grupcharlytrama.com\/jordiquimera\/wp-content\/uploads\/sites\/2\/2025\/08\/Fons-fum-2000x2829.jpg 2000w\" \/><div class=\"wp-block-cover__inner-container has-global-padding is-layout-constrained wp-block-cover-is-layout-constrained\">\n<div style=\"height:35px\" aria-hidden=\"true\" class=\"wp-block-spacer\"><\/div>\n\n\n\n<div class=\"wp-block-columns is-layout-flex wp-container-core-columns-is-layout-1 wp-block-columns-is-layout-flex\" style=\"padding-right:0;padding-left:0\">\n<div class=\"wp-block-column is-vertically-aligned-top is-layout-flow wp-block-column-is-layout-flow\">\n<div style=\"height:11px\" aria-hidden=\"true\" class=\"wp-block-spacer\"><\/div>\n\n\n\n<h1 class=\"wp-block-heading has-x-large-font-size\">\u00bfHablamos de <mark style=\"background-color:rgba(0, 0, 0, 0)\" class=\"has-inline-color has-secondary-color\">magia<\/mark>?<\/h1>\n\n\n\n<p>Si quieres contratar un espect\u00e1culo, recibir m\u00e1s informaci\u00f3n o compartir una idea imposible, ll\u00e1mame o escr\u00edbeme:<\/p>\n\n\n\n<p>\ud83d\udcde <strong>Tel.<\/strong> <a href=\"tel:625094799\">625 094 799<\/a><br>\u2709\ufe0f <strong>Mail<\/strong> <a href=\"mailto:jordi@jordiquimera.com\" data-type=\"mailto\" data-id=\"mailto:jordi@jordiquimera.com\">jordi@jordiquimera.com<\/a><\/p>\n\n\n\n<p>Estar\u00e9 encantado de hacer que la magia empiece incluso antes de que se levante el tel\u00f3n.<\/p>\n<\/div>\n\n\n\n<div class=\"wp-block-column is-layout-flow wp-block-column-is-layout-flow\" style=\"--col-width:5%;flex-basis:5%\"><\/div>\n\n\n\n<div class=\"wp-block-column is-layout-flow wp-block-column-is-layout-flow\"><style id=\"wpforms-css-vars-581-block-2ab65bfe-d834-4c39-8d2d-b5ed80606881\">\n\t\t\t\t#wpforms-581.wpforms-block-2ab65bfe-d834-4c39-8d2d-b5ed80606881 {\n\t\t\t\t--wpforms-label-color: #262626;\n--wpforms-label-sublabel-color: #7f7f7f;\n--wpforms-label-error-color: #ff0000;\n--wpforms-page-break-color: #dddddd;\n--wpforms-field-border-radius: 10px;\n--wpforms-field-border-color: #cccccc;\n--wpforms-field-border-color-spare: #cccccc;\n--wpforms-field-text-color: #444444;\n--wpforms-button-border-style: solid;\n--wpforms-button-border-radius: 10px;\n--wpforms-button-background-color: #7b170f;\n--wpforms-button-border-color: #7b170f;\n--wpforms-field-size-input-height: 43px;\n--wpforms-field-size-input-spacing: 15px;\n--wpforms-field-size-font-size: 16px;\n--wpforms-field-size-line-height: 19px;\n--wpforms-field-size-padding-h: 14px;\n--wpforms-field-size-checkbox-size: 16px;\n--wpforms-field-size-sublabel-spacing: 5px;\n--wpforms-field-size-icon-size: 1;\n--wpforms-label-size-font-size: 14px;\n--wpforms-label-size-line-height: 17px;\n--wpforms-label-size-sublabel-font-size: 13px;\n--wpforms-label-size-sublabel-line-height: 16px;\n--wpforms-button-size-font-size: 17px;\n--wpforms-button-size-height: 41px;\n--wpforms-button-size-padding-h: 15px;\n--wpforms-button-size-margin-top: 10px;\n\n\t\t\t}\n\t\t\t<\/style><div class=\"wpforms-container wpforms-container-full wpforms-block wpforms-block-2ab65bfe-d834-4c39-8d2d-b5ed80606881 wpforms-render-modern\" id=\"wpforms-581\"><form id=\"wpforms-form-581\" class=\"wpforms-validate wpforms-form wpforms-ajax-form\" data-formid=\"581\" method=\"post\" enctype=\"multipart\/form-data\" action=\"\/jordiquimera\/wp-json\/wp\/v2\/pages\/586\" data-token=\"08b5e1c1b487a7f5e17caa78b1eb64bc\" data-token-time=\"1777634696\"><noscript class=\"wpforms-error-noscript\">Activeu el JavaScript al navegador per a poder completar el formulari.<\/noscript><div id=\"wpforms-error-noscript\" style=\"display: none;\">Activeu el JavaScript al navegador per a poder completar el formulari.<\/div><div class=\"wpforms-field-container\">\t\t<div id=\"wpforms-581-field_1-container\"\n\t\t\tclass=\"wpforms-field wpforms-field-text\"\n\t\t\tdata-field-type=\"text\"\n\t\t\tdata-field-id=\"1\"\n\t\t\t>\n\t\t\t<label class=\"wpforms-field-label\" for=\"wpforms-581-field_1\" >Tel\u00e9fono o mensaje<\/label>\n\t\t\t<input type=\"text\" id=\"wpforms-581-field_1\" class=\"wpforms-field-medium\" name=\"wpforms[fields][1]\" >\n\t\t<\/div>\n\t\t<div id=\"wpforms-581-field_2-container\" class=\"wpforms-field wpforms-field-email\" data-field-id=\"2\"><label class=\"wpforms-field-label\" for=\"wpforms-581-field_2\">Correo electr\u00f3nico <span class=\"wpforms-required-label\" aria-hidden=\"true\">*<\/span><\/label><input type=\"email\" id=\"wpforms-581-field_2\" class=\"wpforms-field-medium wpforms-field-required\" name=\"wpforms[fields][2]\" spellcheck=\"false\" aria-errormessage=\"wpforms-581-field_2-error\" required><\/div><div id=\"wpforms-581-field_4-container\" class=\"wpforms-field wpforms-field-text\" data-field-id=\"4\"><label class=\"wpforms-field-label\" for=\"wpforms-581-field_4\">Tel\u00e9fono<\/label><input type=\"text\" id=\"wpforms-581-field_4\" class=\"wpforms-field-medium\" name=\"wpforms[fields][4]\" aria-errormessage=\"wpforms-581-field_4-error\" ><\/div><div id=\"wpforms-581-field_3-container\" class=\"wpforms-field wpforms-field-textarea\" data-field-id=\"3\"><label class=\"wpforms-field-label\" for=\"wpforms-581-field_3\">Comentario o mensaje <span class=\"wpforms-required-label\" aria-hidden=\"true\">*<\/span><\/label><textarea id=\"wpforms-581-field_3\" class=\"wpforms-field-large wpforms-field-required\" name=\"wpforms[fields][3]\" aria-errormessage=\"wpforms-581-field_3-error\" required><\/textarea><\/div><script>\n\t\t\t\t( function() {\n\t\t\t\t\tconst style = document.createElement( 'style' );\n\t\t\t\t\tstyle.appendChild( document.createTextNode( '#wpforms-581-field_1-container { position: absolute !important; overflow: hidden !important; display: inline !important; height: 1px !important; width: 1px !important; z-index: -1000 !important; padding: 0 !important; } #wpforms-581-field_1-container input { visibility: hidden; } #wpforms-conversational-form-page #wpforms-581-field_1-container label { counter-increment: none; }' ) );\n\t\t\t\t\tdocument.head.appendChild( style );\n\t\t\t\t\tdocument.currentScript?.remove();\n\t\t\t\t} )();\n\t\t\t<\/script><\/div><!-- .wpforms-field-container --><div class=\"wpforms-submit-container\" ><input type=\"hidden\" name=\"wpforms[id]\" value=\"581\"><input type=\"hidden\" name=\"page_title\" value=\"\"><input type=\"hidden\" name=\"page_url\" value=\"https:\/\/grupcharlytrama.com\/jordiquimera\/wp-json\/wp\/v2\/pages\/586\"><input type=\"hidden\" name=\"url_referer\" value=\"\"><button type=\"submit\" name=\"wpforms[submit]\" id=\"wpforms-submit-581\" class=\"wpforms-submit\" data-alt-text=\"Se est\u00e1 enviando...\" data-submit-text=\"Envia\" aria-live=\"assertive\" value=\"wpforms-submit\">Envia<\/button><img loading=\"lazy\" decoding=\"async\" src=\"https:\/\/grupcharlytrama.com\/jordiquimera\/wp-content\/plugins\/wpforms-lite\/assets\/images\/submit-spin.svg\" class=\"wpforms-submit-spinner\" style=\"display: none;\" width=\"26\" height=\"26\" alt=\"S&#039;est\u00e0 carregant\"><\/div><\/form><\/div>  <!-- .wpforms-container --><\/div>\n<\/div>\n<\/div><\/div>\n","protected":false},"excerpt":{"rendered":"","protected":false},"author":1,"featured_media":601,"parent":0,"menu_order":0,"comment_status":"closed","ping_status":"closed","template":"","meta":{"_eb_attr":"","footnotes":""},"class_list":["post-586","page","type-page","status-publish","has-post-thumbnail","hentry"],"_links":{"self":[{"href":"https:\/\/grupcharlytrama.com\/jordiquimera\/wp-json\/wp\/v2\/pages\/586"}],"collection":[{"href":"https:\/\/grupcharlytrama.com\/jordiquimera\/wp-json\/wp\/v2\/pages"}],"about":[{"href":"https:\/\/grupcharlytrama.com\/jordiquimera\/wp-json\/wp\/v2\/types\/page"}],"author":[{"embeddable":true,"href":"https:\/\/grupcharlytrama.com\/jordiquimera\/wp-json\/wp\/v2\/users\/1"}],"replies":[{"embeddable":true,"href":"https:\/\/grupcharlytrama.com\/jordiquimera\/wp-json\/wp\/v2\/comments?post=586"}],"version-history":[{"count":5,"href":"https:\/\/grupcharlytrama.com\/jordiquimera\/wp-json\/wp\/v2\/pages\/586\/revisions"}],"predecessor-version":[{"id":814,"href":"https:\/\/grupcharlytrama.com\/jordiquimera\/wp-json\/wp\/v2\/pages\/586\/revisions\/814"}],"wp:featuredmedia":[{"embeddable":true,"href":"https:\/\/grupcharlytrama.com\/jordiquimera\/wp-json\/wp\/v2\/media\/601"}],"wp:attachment":[{"href":"https:\/\/grupcharlytrama.com\/jordiquimera\/wp-json\/wp\/v2\/media?parent=586"}],"curies":[{"name":"wp","href":"https:\/\/api.w.org\/{rel}","templated":true}]}}