{"id":630,"date":"2025-08-11T18:58:59","date_gmt":"2025-08-11T16:58:59","guid":{"rendered":"https:\/\/grupcharlytrama.com\/jordiquimera\/?page_id=630"},"modified":"2025-08-12T15:47:34","modified_gmt":"2025-08-12T13:47:34","slug":"espectaculos","status":"publish","type":"page","link":"https:\/\/grupcharlytrama.com\/jordiquimera\/es\/espectaculos\/","title":{"rendered":"Espect\u00e1culos"},"content":{"rendered":"\n<div class=\"wp-block-cover alignfull is-light\"><span aria-hidden=\"true\" class=\"wp-block-cover__background has-background-dim\" style=\"background-color:#fafafa\"><\/span><img loading=\"lazy\" decoding=\"async\" width=\"1810\" height=\"2560\" sizes=\"(max-width: 799px) 200vw,(max-width: 1810px) 100vw,1810px\" class=\"wp-block-cover__image-background wp-image-364\" alt=\"\" src=\"https:\/\/grupcharlytrama.com\/jordiquimera\/wp-content\/uploads\/sites\/2\/2025\/08\/Fons-fum-scaled.jpg\" style=\"object-position:50% 100%\" data-object-fit=\"cover\" data-object-position=\"50% 100%\" srcset=\"https:\/\/grupcharlytrama.com\/jordiquimera\/wp-content\/uploads\/sites\/2\/2025\/08\/Fons-fum-scaled.jpg 1810w, https:\/\/grupcharlytrama.com\/jordiquimera\/wp-content\/uploads\/sites\/2\/2025\/08\/Fons-fum-212x300.jpg 212w, https:\/\/grupcharlytrama.com\/jordiquimera\/wp-content\/uploads\/sites\/2\/2025\/08\/Fons-fum-724x1024.jpg 724w, https:\/\/grupcharlytrama.com\/jordiquimera\/wp-content\/uploads\/sites\/2\/2025\/08\/Fons-fum-2000x2829.jpg 2000w\" \/><div class=\"wp-block-cover__inner-container has-global-padding is-layout-constrained wp-block-cover-is-layout-constrained\">\n<h1 class=\"wp-block-heading has-text-align-center has-x-large-font-size\">ESPECT\u00c1CULOS<\/h1>\n\n\n\n<div class=\"wp-block-columns is-layout-flex wp-container-core-columns-is-layout-4 wp-block-columns-is-layout-flex\">\n<div class=\"wp-block-column is-layout-flow wp-block-column-is-layout-flow\">\n<div class=\"wp-block-columns is-layout-flex wp-container-core-columns-is-layout-3 wp-block-columns-is-layout-flex\">\n<div class=\"wp-block-column is-layout-flow wp-block-column-is-layout-flow\">\n<div class=\"wp-block-columns is-layout-flex wp-container-core-columns-is-layout-1 wp-block-columns-is-layout-flex\">\n<div class=\"wp-block-column is-layout-flow wp-block-column-is-layout-flow\">\n<div class=\"wp-block-flipbox-flipbox-block\"><div class=\"eb-parent-wrapper eb-parent-eb-flipbox-eq6rl eb_animation eb___animated eb___rubberBand\"><div class=\"eb-flipbox-container eb-flipbox-eq6rl eb-flipbox-align-center eb-hover-mode\" data-id=\"eb-flipbox-eq6rl\" data-flip-type=\"flip-up\" data-flip-mode=\"hover\"><div class=\"eb-flipper flip-up\"><div class=\"eb-flipbox-front\"><div class=\"eb-flipbox-items-container\"><\/div><\/div><div class=\"eb-flipbox-back\" onclick=\"window.location='magic-hall-esp'\"><div class=\"eb-flipbox-items-container\"><div class=\"eb-flipbox-back-title-wrapper\"><h3 class=\"eb-flipbox-back-title\">MAGIC HALL<\/h3><\/div><div class=\"eb-flipbox-back-content-wrapper\"><p class=\"eb-flipbox-back-content\">Espect\u00e1culo de gran formato para Teatros.<br><br><br><br>( M\u00c1S INFORMACI\u00d3N )<\/p><\/div><\/div><\/div><\/div><\/div><\/div><\/div>\n<\/div>\n\n\n\n<div class=\"wp-block-column is-layout-flow wp-block-column-is-layout-flow\">\n<div class=\"wp-block-flipbox-flipbox-block\"><div class=\"eb-parent-wrapper eb-parent-eb-flipbox-wiz93 eb_animation eb___animated eb___rubberBand\"><div class=\"eb-flipbox-container eb-flipbox-wiz93 eb-flipbox-align-center eb-hover-mode\" data-id=\"eb-flipbox-wiz93\" data-flip-type=\"flip-up\" data-flip-mode=\"hover\"><div class=\"eb-flipper flip-up\"><div class=\"eb-flipbox-front\"><div class=\"eb-flipbox-items-container\"><\/div><\/div><div class=\"eb-flipbox-back\" onclick=\"window.location='live-esp'\"><div class=\"eb-flipbox-items-container\"><div class=\"eb-flipbox-back-title-wrapper\"><h3 class=\"eb-flipbox-back-title\">JORDI QUIMERA LIVE!<\/h3><\/div><div class=\"eb-flipbox-back-content-wrapper\"><p class=\"eb-flipbox-back-content\">Espect\u00e1culo de gran formato todoterreno para grandes celebraciones, Fiestas Mayores y Teatros.<br><br><br><br>( M\u00c1S INFORMACI\u00d3N )<\/p><\/div><\/div><\/div><\/div><\/div><\/div><\/div>\n<\/div>\n<\/div>\n<\/div>\n\n\n\n<div class=\"wp-block-column is-layout-flow wp-block-column-is-layout-flow\">\n<div class=\"wp-block-columns is-layout-flex wp-container-core-columns-is-layout-2 wp-block-columns-is-layout-flex\">\n<div class=\"wp-block-column is-layout-flow wp-block-column-is-layout-flow\">\n<div class=\"wp-block-flipbox-flipbox-block\"><div class=\"eb-parent-wrapper eb-parent-eb-flipbox-okt6q eb_animation eb___animated eb___rubberBand\"><div class=\"eb-flipbox-container eb-flipbox-okt6q eb-flipbox-align-center eb-hover-mode\" data-id=\"eb-flipbox-okt6q\" data-flip-type=\"flip-up\" data-flip-mode=\"hover\"><div class=\"eb-flipper flip-up\"><div class=\"eb-flipbox-front\"><div class=\"eb-flipbox-items-container\"><\/div><\/div><div class=\"eb-flipbox-back\" onclick=\"window.location='magiaherido'\"><div class=\"eb-flipbox-items-container\"><div class=\"eb-flipbox-back-title-wrapper\"><h3 class=\"eb-flipbox-back-title\">Magiaherido<\/h3><\/div><div class=\"eb-flipbox-back-content-wrapper\"><p class=\"eb-flipbox-back-content\">Espect\u00e1culo unipersonal de magia y humor con ritmo, personalidad y mucha alma.<br><br><br><br>( M\u00c1S INFORMACI\u00d3N )<\/p><\/div><\/div><\/div><\/div><\/div><\/div><\/div>\n<\/div>\n\n\n\n<div class=\"wp-block-column is-layout-flow wp-block-column-is-layout-flow\">\n<div class=\"wp-block-flipbox-flipbox-block\"><div class=\"eb-parent-wrapper eb-parent-eb-flipbox-igb43 eb_animation eb___animated eb___rubberBand\"><div class=\"eb-flipbox-container eb-flipbox-igb43 eb-flipbox-align-center eb-hover-mode\" data-id=\"eb-flipbox-igb43\" data-flip-type=\"flip-up\" data-flip-mode=\"hover\"><div class=\"eb-flipper flip-up\"><div class=\"eb-flipbox-front\"><div class=\"eb-flipbox-items-container\"><\/div><\/div><div class=\"eb-flipbox-back\" onclick=\"window.location='pequenasquimeras'\"><div class=\"eb-flipbox-items-container\"><div class=\"eb-flipbox-back-title-wrapper\"><h3 class=\"eb-flipbox-back-title\">peque\u00f1as quimeras<\/h3><\/div><div class=\"eb-flipbox-back-content-wrapper\"><p class=\"eb-flipbox-back-content\">Sesi\u00f3n m\u00e1gica a medida pensada para sorprender en espacios ins\u00f3litos.<br><br><br><br>( M\u00c1S INFORMACI\u00d3N )<\/p><\/div><\/div><\/div><\/div><\/div><\/div><\/div>\n<\/div>\n<\/div>\n<\/div>\n<\/div>\n<\/div>\n<\/div>\n\n\n\n<div style=\"height:75px\" aria-hidden=\"true\" class=\"wp-block-spacer\"><\/div>\n\n\n\n<h2 class=\"wp-block-heading has-montserrat-font-family\">\u00bfQuieres llevar la magia a tu <mark style=\"background-color:rgba(0, 0, 0, 0)\" class=\"has-inline-color has-secondary-color\">escenario<\/mark>? Descubre qu\u00e9 es el espect\u00e1culo para ti.<\/h2>\n\n\n\n<div style=\"height:22px\" aria-hidden=\"true\" class=\"wp-block-spacer\"><\/div>\n\n\n\n<div class=\"wp-block-buttons is-content-justification-center is-layout-flex wp-container-core-buttons-is-layout-1 wp-block-buttons-is-layout-flex\">\n<div class=\"wp-block-button is-style-fill\"><a class=\"wp-block-button__link has-background wp-element-button\" href=\"https:\/\/grupcharlytrama.com\/jordiquimera\/es\/contacto\/\" style=\"border-radius:10px;background-color:#0f737b\">Cont\u00e1ctanos<\/a><\/div>\n<\/div>\n\n\n\n<div style=\"height:53px\" aria-hidden=\"true\" class=\"wp-block-spacer\"><\/div>\n<\/div><\/div>\n","protected":false},"excerpt":{"rendered":"","protected":false},"author":1,"featured_media":41,"parent":0,"menu_order":0,"comment_status":"closed","ping_status":"closed","template":"","meta":{"_eb_attr":"","footnotes":""},"class_list":["post-630","page","type-page","status-publish","has-post-thumbnail","hentry"],"_links":{"self":[{"href":"https:\/\/grupcharlytrama.com\/jordiquimera\/wp-json\/wp\/v2\/pages\/630"}],"collection":[{"href":"https:\/\/grupcharlytrama.com\/jordiquimera\/wp-json\/wp\/v2\/pages"}],"about":[{"href":"https:\/\/grupcharlytrama.com\/jordiquimera\/wp-json\/wp\/v2\/types\/page"}],"author":[{"embeddable":true,"href":"https:\/\/grupcharlytrama.com\/jordiquimera\/wp-json\/wp\/v2\/users\/1"}],"replies":[{"embeddable":true,"href":"https:\/\/grupcharlytrama.com\/jordiquimera\/wp-json\/wp\/v2\/comments?post=630"}],"version-history":[{"count":7,"href":"https:\/\/grupcharlytrama.com\/jordiquimera\/wp-json\/wp\/v2\/pages\/630\/revisions"}],"predecessor-version":[{"id":888,"href":"https:\/\/grupcharlytrama.com\/jordiquimera\/wp-json\/wp\/v2\/pages\/630\/revisions\/888"}],"wp:featuredmedia":[{"embeddable":true,"href":"https:\/\/grupcharlytrama.com\/jordiquimera\/wp-json\/wp\/v2\/media\/41"}],"wp:attachment":[{"href":"https:\/\/grupcharlytrama.com\/jordiquimera\/wp-json\/wp\/v2\/media?parent=630"}],"curies":[{"name":"wp","href":"https:\/\/api.w.org\/{rel}","templated":true}]}}